{"id":81,"date":"2021-01-13T12:42:20","date_gmt":"2021-01-13T11:42:20","guid":{"rendered":"https:\/\/moravskaoaza.penzionyjamai.cz\/?page_id=81"},"modified":"2024-09-28T13:03:51","modified_gmt":"2024-09-28T11:03:51","slug":"kam-na-vylet","status":"publish","type":"page","link":"https:\/\/moravskaoaza.penzionyjamai.cz\/en\/kam-na-vylet\/","title":{"rendered":"Trip tips"},"content":{"rendered":"<div data-aos= \"fade-up\" data-aos-duration=\"400\" data-aos-delay=\"0\" data-aos-easing=\"ease\" data-aos-once=\"true\" class=\"wp-block-uagb-container uagb-block-840cd3ad alignfull uagb-is-root-container\"><div class=\"uagb-container-inner-blocks-wrap\">\n<p>Valtice offers a great starting point for a great number of trips and experiences without having to travel too much. A holiday in the center of the Lednice-Valtice area is ideal for hikers, cyclists, lovers of wine, history and cultural wealth as well as picturesque nature.<br>Valtice is located in the Mikulov wine region and is rightly called the \"capital of wine\". In the vicinity you will find many wineries and family winemakers, cellars and tastings of local wines.<\/p>\n<\/div><\/div>\n\n\n\n<div data-aos= \"fade-up\" data-aos-duration=\"400\" data-aos-delay=\"0\" data-aos-easing=\"ease\" data-aos-once=\"true\" class=\"wp-block-uagb-container uagb-block-d25bd385 alignfull uagb-is-root-container\"><div class=\"uagb-container-inner-blocks-wrap\">\n<h2 class=\"wp-block-heading has-text-align-center has-text-color has-link-color wp-elements-7b1b618adb9209e04722c4526e4ef8d6\" id=\"lednicko-valticky-areal\" style=\"color:#698d40\"><strong>Lednice-Valtice area<\/strong><\/h2>\n\n\n\n<p>This landscape, which is on the UNESCO World Heritage List, lies in the lower part of the South Moravian Region and is directly adjacent to Austria. Unique alluvial forests and meadows can be seen directly on the ridge, and long wine routes stretch around Valtice and Lednice.<\/p>\n\n\n\n<p>Together with B\u0159eclav, Lednice and Valtice form a kind of imaginary triangle, in the center of which stretches forests and meadows full of important Liechtenstein buildings called salets.<\/p>\n\n\n\n<p>You can cycle through a total of 14 historical monuments in one day or split the trips and enjoy the peace and quiet in an environment that will make you feel like you are in a Czech fairy tale.<\/p>\n\n\n\n<p>On the website of the Lednice-Valtice area, you can find all the important information about this micro-region, including a list of monuments that are definitely worth a visit.<\/p>\n\n\n\n<p class=\"has-medium-font-size\"><a href=\"https:\/\/www.lva.cz\/\" target=\"_blank\" rel=\"noreferrer noopener\">www.lva.cz<\/a><\/p>\n<\/div><\/div>","protected":false},"excerpt":{"rendered":"<p>Valtice nab\u00edz\u00ed skv\u011bl\u00e9 v\u00fdchoz\u00ed m\u00edsto pro velk\u00e9 mno\u017estv\u00ed v\u00fdlet\u016f a z\u00e1\u017eitk\u016f, ani\u017e byste museli p\u0159\u00edli\u0161 cestovat. Dovolen\u00e1 v centru Lednicko-valtick\u00e9ho are\u00e1lu je ide\u00e1ln\u00ed pro p\u011b\u0161\u00ed turisty, cyklisty, milovn\u00edky v\u00edna, historie a kulturn\u00edho bohatstv\u00ed i malebn\u00e9 p\u0159\u00edrody.Valtice se nach\u00e1z\u00ed v Mikulovsk\u00e9 vina\u0159sk\u00e9 podoblasti a jsou pr\u00e1vem naz\u00fdv\u00e1ny \u201ehlavn\u00edm m\u011bstem v\u00edna\u201c. V okol\u00ed najdete spoustu vina\u0159sk\u00fdch podnik\u016f [&hellip;]<\/p>\n","protected":false},"author":1,"featured_media":395,"parent":0,"menu_order":0,"comment_status":"closed","ping_status":"closed","template":"","meta":{"inline_featured_image":false,"_uag_custom_page_level_css":"","footnotes":""},"class_list":["post-81","page","type-page","status-publish","has-post-thumbnail","hentry"],"yoast_head":"<!-- This site is optimized with the Yoast SEO plugin v27.3 - https:\/\/yoast.com\/product\/yoast-seo-wordpress\/ -->\n<title>Kam na v\u00fdlet - Penzion Moravsk\u00e1 O\u00e1za<\/title>\n<meta name=\"robots\" content=\"index, follow, max-snippet:-1, max-image-preview:large, max-video-preview:-1\" \/>\n<link rel=\"canonical\" href=\"https:\/\/moravskaoaza.penzionyjamai.cz\/en\/kam-na-vylet\/\" \/>\n<meta property=\"og:locale\" content=\"en_GB\" \/>\n<meta property=\"og:type\" content=\"article\" \/>\n<meta property=\"og:title\" content=\"Kam na v\u00fdlet - Penzion Moravsk\u00e1 O\u00e1za\" \/>\n<meta property=\"og:description\" content=\"Valtice nab\u00edz\u00ed skv\u011bl\u00e9 v\u00fdchoz\u00ed m\u00edsto pro velk\u00e9 mno\u017estv\u00ed v\u00fdlet\u016f a z\u00e1\u017eitk\u016f, ani\u017e byste museli p\u0159\u00edli\u0161 cestovat. Dovolen\u00e1 v centru Lednicko-valtick\u00e9ho are\u00e1lu je ide\u00e1ln\u00ed pro p\u011b\u0161\u00ed turisty, cyklisty, milovn\u00edky v\u00edna, historie a kulturn\u00edho bohatstv\u00ed i malebn\u00e9 p\u0159\u00edrody.Valtice se nach\u00e1z\u00ed v Mikulovsk\u00e9 vina\u0159sk\u00e9 podoblasti a jsou pr\u00e1vem naz\u00fdv\u00e1ny \u201ehlavn\u00edm m\u011bstem v\u00edna\u201c. V okol\u00ed najdete spoustu vina\u0159sk\u00fdch podnik\u016f [&hellip;]\" \/>\n<meta property=\"og:url\" content=\"https:\/\/moravskaoaza.penzionyjamai.cz\/en\/kam-na-vylet\/\" \/>\n<meta property=\"og:site_name\" content=\"Penzion Moravsk\u00e1 O\u00e1za\" \/>\n<meta property=\"article:modified_time\" content=\"2024-09-28T11:03:51+00:00\" \/>\n<meta property=\"og:image\" content=\"https:\/\/moravskaoaza.penzionyjamai.cz\/wp-content\/uploads\/2021\/05\/kam_na_vylet.jpg\" \/>\n\t<meta property=\"og:image:width\" content=\"1920\" \/>\n\t<meta property=\"og:image:height\" content=\"1278\" \/>\n\t<meta property=\"og:image:type\" content=\"image\/jpeg\" \/>\n<meta name=\"twitter:card\" content=\"summary_large_image\" \/>\n<meta name=\"twitter:label1\" content=\"Estimated reading time\" \/>\n\t<meta name=\"twitter:data1\" content=\"1 minute\" \/>\n<script type=\"application\/ld+json\" class=\"yoast-schema-graph\">{\"@context\":\"https:\\\/\\\/schema.org\",\"@graph\":[{\"@type\":\"WebPage\",\"@id\":\"https:\\\/\\\/moravskaoaza.penzionyjamai.cz\\\/kam-na-vylet\\\/\",\"url\":\"https:\\\/\\\/moravskaoaza.penzionyjamai.cz\\\/kam-na-vylet\\\/\",\"name\":\"Kam na v\u00fdlet - Penzion Moravsk\u00e1 O\u00e1za\",\"isPartOf\":{\"@id\":\"https:\\\/\\\/moravskaoaza.penzionyjamai.cz\\\/#website\"},\"primaryImageOfPage\":{\"@id\":\"https:\\\/\\\/moravskaoaza.penzionyjamai.cz\\\/kam-na-vylet\\\/#primaryimage\"},\"image\":{\"@id\":\"https:\\\/\\\/moravskaoaza.penzionyjamai.cz\\\/kam-na-vylet\\\/#primaryimage\"},\"thumbnailUrl\":\"https:\\\/\\\/moravskaoaza.penzionyjamai.cz\\\/wp-content\\\/uploads\\\/2021\\\/05\\\/kam_na_vylet.jpg\",\"datePublished\":\"2021-01-13T11:42:20+00:00\",\"dateModified\":\"2024-09-28T11:03:51+00:00\",\"breadcrumb\":{\"@id\":\"https:\\\/\\\/moravskaoaza.penzionyjamai.cz\\\/kam-na-vylet\\\/#breadcrumb\"},\"inLanguage\":\"en-GB\",\"potentialAction\":[{\"@type\":\"ReadAction\",\"target\":[\"https:\\\/\\\/moravskaoaza.penzionyjamai.cz\\\/kam-na-vylet\\\/\"]}]},{\"@type\":\"ImageObject\",\"inLanguage\":\"en-GB\",\"@id\":\"https:\\\/\\\/moravskaoaza.penzionyjamai.cz\\\/kam-na-vylet\\\/#primaryimage\",\"url\":\"https:\\\/\\\/moravskaoaza.penzionyjamai.cz\\\/wp-content\\\/uploads\\\/2021\\\/05\\\/kam_na_vylet.jpg\",\"contentUrl\":\"https:\\\/\\\/moravskaoaza.penzionyjamai.cz\\\/wp-content\\\/uploads\\\/2021\\\/05\\\/kam_na_vylet.jpg\",\"width\":1920,\"height\":1278},{\"@type\":\"BreadcrumbList\",\"@id\":\"https:\\\/\\\/moravskaoaza.penzionyjamai.cz\\\/kam-na-vylet\\\/#breadcrumb\",\"itemListElement\":[{\"@type\":\"ListItem\",\"position\":1,\"name\":\"Home\",\"item\":\"https:\\\/\\\/moravskaoaza.penzionyjamai.cz\\\/\"},{\"@type\":\"ListItem\",\"position\":2,\"name\":\"Kam na v\u00fdlet\"}]},{\"@type\":\"WebSite\",\"@id\":\"https:\\\/\\\/moravskaoaza.penzionyjamai.cz\\\/#website\",\"url\":\"https:\\\/\\\/moravskaoaza.penzionyjamai.cz\\\/\",\"name\":\"Penzion Moravsk\u00e1 O\u00e1za\",\"description\":\"\",\"publisher\":{\"@id\":\"https:\\\/\\\/moravskaoaza.penzionyjamai.cz\\\/#organization\"},\"potentialAction\":[{\"@type\":\"SearchAction\",\"target\":{\"@type\":\"EntryPoint\",\"urlTemplate\":\"https:\\\/\\\/moravskaoaza.penzionyjamai.cz\\\/?s={search_term_string}\"},\"query-input\":{\"@type\":\"PropertyValueSpecification\",\"valueRequired\":true,\"valueName\":\"search_term_string\"}}],\"inLanguage\":\"en-GB\"},{\"@type\":\"Organization\",\"@id\":\"https:\\\/\\\/moravskaoaza.penzionyjamai.cz\\\/#organization\",\"name\":\"Penzion Moravsk\u00e1 O\u00e1za\",\"url\":\"https:\\\/\\\/moravskaoaza.penzionyjamai.cz\\\/\",\"logo\":{\"@type\":\"ImageObject\",\"inLanguage\":\"en-GB\",\"@id\":\"https:\\\/\\\/moravskaoaza.penzionyjamai.cz\\\/#\\\/schema\\\/logo\\\/image\\\/\",\"url\":\"https:\\\/\\\/moravskaoaza.penzionyjamai.cz\\\/wp-content\\\/uploads\\\/2025\\\/10\\\/penziony_moravska_oaza_logo_nad_sebou.svg\",\"contentUrl\":\"https:\\\/\\\/moravskaoaza.penzionyjamai.cz\\\/wp-content\\\/uploads\\\/2025\\\/10\\\/penziony_moravska_oaza_logo_nad_sebou.svg\",\"width\":\"1024\",\"height\":\"1024\",\"caption\":\"Penzion Moravsk\u00e1 O\u00e1za\"},\"image\":{\"@id\":\"https:\\\/\\\/moravskaoaza.penzionyjamai.cz\\\/#\\\/schema\\\/logo\\\/image\\\/\"}}]}<\/script>\n<!-- \/ Yoast SEO plugin. -->","yoast_head_json":{"title":"Kam na v\u00fdlet - Penzion Moravsk\u00e1 O\u00e1za","robots":{"index":"index","follow":"follow","max-snippet":"max-snippet:-1","max-image-preview":"max-image-preview:large","max-video-preview":"max-video-preview:-1"},"canonical":"https:\/\/moravskaoaza.penzionyjamai.cz\/en\/kam-na-vylet\/","og_locale":"en_GB","og_type":"article","og_title":"Kam na v\u00fdlet - Penzion Moravsk\u00e1 O\u00e1za","og_description":"Valtice nab\u00edz\u00ed skv\u011bl\u00e9 v\u00fdchoz\u00ed m\u00edsto pro velk\u00e9 mno\u017estv\u00ed v\u00fdlet\u016f a z\u00e1\u017eitk\u016f, ani\u017e byste museli p\u0159\u00edli\u0161 cestovat. Dovolen\u00e1 v centru Lednicko-valtick\u00e9ho are\u00e1lu je ide\u00e1ln\u00ed pro p\u011b\u0161\u00ed turisty, cyklisty, milovn\u00edky v\u00edna, historie a kulturn\u00edho bohatstv\u00ed i malebn\u00e9 p\u0159\u00edrody.Valtice se nach\u00e1z\u00ed v Mikulovsk\u00e9 vina\u0159sk\u00e9 podoblasti a jsou pr\u00e1vem naz\u00fdv\u00e1ny \u201ehlavn\u00edm m\u011bstem v\u00edna\u201c. V okol\u00ed najdete spoustu vina\u0159sk\u00fdch podnik\u016f [&hellip;]","og_url":"https:\/\/moravskaoaza.penzionyjamai.cz\/en\/kam-na-vylet\/","og_site_name":"Penzion Moravsk\u00e1 O\u00e1za","article_modified_time":"2024-09-28T11:03:51+00:00","og_image":[{"width":1920,"height":1278,"url":"https:\/\/moravskaoaza.penzionyjamai.cz\/wp-content\/uploads\/2021\/05\/kam_na_vylet.jpg","type":"image\/jpeg"}],"twitter_card":"summary_large_image","twitter_misc":{"Estimated reading time":"1 minute"},"schema":{"@context":"https:\/\/schema.org","@graph":[{"@type":"WebPage","@id":"https:\/\/moravskaoaza.penzionyjamai.cz\/kam-na-vylet\/","url":"https:\/\/moravskaoaza.penzionyjamai.cz\/kam-na-vylet\/","name":"Kam na v\u00fdlet - Penzion Moravsk\u00e1 O\u00e1za","isPartOf":{"@id":"https:\/\/moravskaoaza.penzionyjamai.cz\/#website"},"primaryImageOfPage":{"@id":"https:\/\/moravskaoaza.penzionyjamai.cz\/kam-na-vylet\/#primaryimage"},"image":{"@id":"https:\/\/moravskaoaza.penzionyjamai.cz\/kam-na-vylet\/#primaryimage"},"thumbnailUrl":"https:\/\/moravskaoaza.penzionyjamai.cz\/wp-content\/uploads\/2021\/05\/kam_na_vylet.jpg","datePublished":"2021-01-13T11:42:20+00:00","dateModified":"2024-09-28T11:03:51+00:00","breadcrumb":{"@id":"https:\/\/moravskaoaza.penzionyjamai.cz\/kam-na-vylet\/#breadcrumb"},"inLanguage":"en-GB","potentialAction":[{"@type":"ReadAction","target":["https:\/\/moravskaoaza.penzionyjamai.cz\/kam-na-vylet\/"]}]},{"@type":"ImageObject","inLanguage":"en-GB","@id":"https:\/\/moravskaoaza.penzionyjamai.cz\/kam-na-vylet\/#primaryimage","url":"https:\/\/moravskaoaza.penzionyjamai.cz\/wp-content\/uploads\/2021\/05\/kam_na_vylet.jpg","contentUrl":"https:\/\/moravskaoaza.penzionyjamai.cz\/wp-content\/uploads\/2021\/05\/kam_na_vylet.jpg","width":1920,"height":1278},{"@type":"BreadcrumbList","@id":"https:\/\/moravskaoaza.penzionyjamai.cz\/kam-na-vylet\/#breadcrumb","itemListElement":[{"@type":"ListItem","position":1,"name":"Home","item":"https:\/\/moravskaoaza.penzionyjamai.cz\/"},{"@type":"ListItem","position":2,"name":"Kam na v\u00fdlet"}]},{"@type":"WebSite","@id":"https:\/\/moravskaoaza.penzionyjamai.cz\/#website","url":"https:\/\/moravskaoaza.penzionyjamai.cz\/","name":"Penzion Moravsk\u00e1 O\u00e1za","description":"","publisher":{"@id":"https:\/\/moravskaoaza.penzionyjamai.cz\/#organization"},"potentialAction":[{"@type":"SearchAction","target":{"@type":"EntryPoint","urlTemplate":"https:\/\/moravskaoaza.penzionyjamai.cz\/?s={search_term_string}"},"query-input":{"@type":"PropertyValueSpecification","valueRequired":true,"valueName":"search_term_string"}}],"inLanguage":"en-GB"},{"@type":"Organization","@id":"https:\/\/moravskaoaza.penzionyjamai.cz\/#organization","name":"Penzion Moravsk\u00e1 O\u00e1za","url":"https:\/\/moravskaoaza.penzionyjamai.cz\/","logo":{"@type":"ImageObject","inLanguage":"en-GB","@id":"https:\/\/moravskaoaza.penzionyjamai.cz\/#\/schema\/logo\/image\/","url":"https:\/\/moravskaoaza.penzionyjamai.cz\/wp-content\/uploads\/2025\/10\/penziony_moravska_oaza_logo_nad_sebou.svg","contentUrl":"https:\/\/moravskaoaza.penzionyjamai.cz\/wp-content\/uploads\/2025\/10\/penziony_moravska_oaza_logo_nad_sebou.svg","width":"1024","height":"1024","caption":"Penzion Moravsk\u00e1 O\u00e1za"},"image":{"@id":"https:\/\/moravskaoaza.penzionyjamai.cz\/#\/schema\/logo\/image\/"}}]}},"uagb_featured_image_src":{"full":["https:\/\/moravskaoaza.penzionyjamai.cz\/wp-content\/uploads\/2021\/05\/kam_na_vylet.jpg",1920,1278,false],"thumbnail":["https:\/\/moravskaoaza.penzionyjamai.cz\/wp-content\/uploads\/2021\/05\/kam_na_vylet-150x150.jpg",150,150,true],"medium":["https:\/\/moravskaoaza.penzionyjamai.cz\/wp-content\/uploads\/2021\/05\/kam_na_vylet-300x200.jpg",300,200,true],"medium_large":["https:\/\/moravskaoaza.penzionyjamai.cz\/wp-content\/uploads\/2021\/05\/kam_na_vylet-768x511.jpg",768,511,true],"large":["https:\/\/moravskaoaza.penzionyjamai.cz\/wp-content\/uploads\/2021\/05\/kam_na_vylet-1024x682.jpg",1024,682,true],"1536x1536":["https:\/\/moravskaoaza.penzionyjamai.cz\/wp-content\/uploads\/2021\/05\/kam_na_vylet-1536x1022.jpg",1536,1022,true],"2048x2048":["https:\/\/moravskaoaza.penzionyjamai.cz\/wp-content\/uploads\/2021\/05\/kam_na_vylet.jpg",1920,1278,false],"trp-custom-language-flag":["https:\/\/moravskaoaza.penzionyjamai.cz\/wp-content\/uploads\/2021\/05\/kam_na_vylet.jpg",18,12,false]},"uagb_author_info":{"display_name":"admin","author_link":"https:\/\/moravskaoaza.penzionyjamai.cz\/en\/author\/admin\/"},"uagb_comment_info":0,"uagb_excerpt":"Valtice nab\u00edz\u00ed skv\u011bl\u00e9 v\u00fdchoz\u00ed m\u00edsto pro velk\u00e9 mno\u017estv\u00ed v\u00fdlet\u016f a z\u00e1\u017eitk\u016f, ani\u017e byste museli p\u0159\u00edli\u0161 cestovat. Dovolen\u00e1 v centru Lednicko-valtick\u00e9ho are\u00e1lu je ide\u00e1ln\u00ed pro p\u011b\u0161\u00ed turisty, cyklisty, milovn\u00edky v\u00edna, historie a kulturn\u00edho bohatstv\u00ed i malebn\u00e9 p\u0159\u00edrody.Valtice se nach\u00e1z\u00ed v Mikulovsk\u00e9 vina\u0159sk\u00e9 podoblasti a jsou pr\u00e1vem naz\u00fdv\u00e1ny \u201ehlavn\u00edm m\u011bstem v\u00edna\u201c. V okol\u00ed najdete spoustu vina\u0159sk\u00fdch podnik\u016f&hellip;","_links":{"self":[{"href":"https:\/\/moravskaoaza.penzionyjamai.cz\/en\/wp-json\/wp\/v2\/pages\/81","targetHints":{"allow":["GET"]}}],"collection":[{"href":"https:\/\/moravskaoaza.penzionyjamai.cz\/en\/wp-json\/wp\/v2\/pages"}],"about":[{"href":"https:\/\/moravskaoaza.penzionyjamai.cz\/en\/wp-json\/wp\/v2\/types\/page"}],"author":[{"embeddable":true,"href":"https:\/\/moravskaoaza.penzionyjamai.cz\/en\/wp-json\/wp\/v2\/users\/1"}],"replies":[{"embeddable":true,"href":"https:\/\/moravskaoaza.penzionyjamai.cz\/en\/wp-json\/wp\/v2\/comments?post=81"}],"version-history":[{"count":41,"href":"https:\/\/moravskaoaza.penzionyjamai.cz\/en\/wp-json\/wp\/v2\/pages\/81\/revisions"}],"predecessor-version":[{"id":1554,"href":"https:\/\/moravskaoaza.penzionyjamai.cz\/en\/wp-json\/wp\/v2\/pages\/81\/revisions\/1554"}],"wp:featuredmedia":[{"embeddable":true,"href":"https:\/\/moravskaoaza.penzionyjamai.cz\/en\/wp-json\/wp\/v2\/media\/395"}],"wp:attachment":[{"href":"https:\/\/moravskaoaza.penzionyjamai.cz\/en\/wp-json\/wp\/v2\/media?parent=81"}],"curies":[{"name":"wp","href":"https:\/\/api.w.org\/{rel}","templated":true}]}}