{"id":47,"date":"2021-01-05T13:04:16","date_gmt":"2021-01-05T12:04:16","guid":{"rendered":"http:\/\/dev.penzionyjamai.cz\/?page_id=47"},"modified":"2024-10-01T17:34:26","modified_gmt":"2024-10-01T15:34:26","slug":"ubytovani","status":"publish","type":"page","link":"https:\/\/moravskaoaza.penzionyjamai.cz\/en\/ubytovani\/","title":{"rendered":"Accommodation"},"content":{"rendered":"<div data-aos= \"fade-up\" data-aos-duration=\"400\" data-aos-delay=\"0\" data-aos-easing=\"ease\" data-aos-once=\"true\" class=\"wp-block-uagb-container uagb-block-840cd3ad alignfull uagb-is-root-container\"><div class=\"uagb-container-inner-blocks-wrap\">\n<p class=\"has-text-align-center\">You can stay in one of the seventeen rooms. We tried to connect the guesthouse concept with our company, therefore each room has a name and is designed in the style of the individual country from which the coffee beans come. Each stay can be unique for you, as the rooms also differ in selected colors and accessories. For example, who wouldn't want to enjoy a stay in Colombia with a taste of real Colombian coffee? If you stay for more than 5 nights, you can also take home freshly roasted coffee beans as a gift. There is free Wi-Fi connection throughout the guesthouse.<\/p>\n\n\n\n<p class=\"has-text-align-center\"><strong>Unlimited coffee consumption is free for all guests during their stay.<\/strong><\/p>\n\n\n\n<p class=\"has-text-align-center\">On the ground floor there is a common kitchen for all guests.<\/p>\n\n\n\n<p class=\"has-text-align-center\">Check-in: od 14:00<br>Check-out: do 10:00<\/p>\n\n\n\n<p class=\"has-text-align-center\">V penzionu nen\u00ed povolen pobyt s dom\u00e1c\u00edmi mazl\u00ed\u010dky.<\/p>\n<\/div><\/div>\n\n\n\n<div data-aos= \"fade-up\" data-aos-duration=\"400\" data-aos-delay=\"0\" data-aos-easing=\"ease\" data-aos-once=\"true\" class=\"wp-block-uagb-container uagb-block-d25bd385 alignfull uagb-is-root-container\"><div class=\"uagb-container-inner-blocks-wrap\">\n<h2 class=\"wp-block-heading has-text-align-center has-text-color has-link-color wp-elements-9d433ce8ffd8b4e62ff48aacad0890a0\" style=\"color:#698d40\"><strong>How the accommodation works<\/strong><\/h2>\n\n\n\n<p class=\"has-text-align-center has-white-color has-text-color has-background has-link-color wp-elements-1ddaba3aad2b38ef774f0ecac6f914b9\" style=\"background-color:#4d9524ed\">In our guesthouse, we use a self-service\/automated reception.<br><strong>Before arrival, it is necessary to complete the online check-in and fully pay for the stay.<\/strong><\/p>\n\n\n\n<p class=\"has-text-align-center\">After making a reservation, you will receive an e-mail with confirmation of your reservation and a voucher. <\/p>\n\n\n\n<p class=\"has-text-align-center has-black-color has-text-color has-link-color wp-elements-4c958b6e58da462c175dd9193d5e8768\">7 and 2 days before starting accommodation, you will receive an e-mail from the Alfred application with a request for online check-in, please fill it out for all guests.<\/p>\n\n\n\n<p class=\"has-text-align-center has-black-color has-text-color has-link-color wp-elements-4c2bb6235754d65ac5b27722f6aeeb01 translation-block\">After paying for the accommodation and completing the online check-in, on the day of arrival you will receive an e-mail and SMS with a code that will allow you to get to the guesthouse, where you will find your safe with the key. Use the code to open the safe where you will find your room key.<\/p>\n\n\n\n<p class=\"has-text-align-center\">Use the code to get to the guesthouse building, the box with your key, the garage (bike room) and the side entrance (wine cellar).<\/p>\n\n\n\n<p class=\"has-text-align-center has-white-color has-text-color has-background has-link-color wp-elements-b788eae0bf225c51ea0355208e5321d1\" style=\"background-color:#4d9524ed\">Without a completed online check-in, you will not receive a code to access the guesthouse.<\/p>\n<\/div><\/div>\n\n\n\n<div data-aos= \"fade-up\" data-aos-duration=\"400\" data-aos-delay=\"0\" data-aos-easing=\"ease\" data-aos-once=\"true\" class=\"wp-block-uagb-container uagb-block-a60232fe alignfull uagb-is-root-container\"><div class=\"uagb-container-inner-blocks-wrap\">\n<h2 class=\"wp-block-heading has-text-align-center has-text-color has-link-color wp-elements-ab2d0dd1b7dd01d3b39595372690c0af\" style=\"color:#698d40\"><strong>Breakfast<\/strong><\/h2>\n\n\n\n<p class=\"has-text-align-center\">ou can start your morning here with a rich breakfast buffet, from which everyone can choose. Regional pastries are delivered to us by a nearby bakery every day so that they are always fresh. For breakfast, we serve, for example, scrambled eggs, sausages, cheeses and vegetables. Sweet lovers will also enjoy it. In addition, we always have fresh fruit, several types of jams, cereals and yogurts. Of course, our coffee, teas and two kinds of juices are not missing.<\/p>\n\n\n\n<p class=\"has-text-align-center\"><strong>Breakfast is served on the ground floor at time:<br><\/strong><strong>8:00<\/strong><strong> \u2013 9:30<\/strong><\/p>\n<\/div><\/div>\n\n\n\n<div data-aos= \"fade-up\" data-aos-duration=\"400\" data-aos-delay=\"0\" data-aos-easing=\"ease\" data-aos-once=\"true\" class=\"wp-block-uagb-container uagb-block-8e7ed713 alignfull uagb-is-root-container\"><div class=\"uagb-container-inner-blocks-wrap\">\n<h2 class=\"wp-block-heading has-text-align-center has-text-color has-link-color wp-elements-31607645ba6f271a83d9f817b29da195\" style=\"color:#698d40\"><strong>Parking<\/strong><\/h2>\n\n\n\n<p class=\"has-text-align-center\">There is a parking lot for guests in the area of the guesthouse. Parking is free. One parking space is reserved for each room.<\/p>\n<\/div><\/div>\n\n\n\n<div data-aos= \"fade-up\" data-aos-duration=\"400\" data-aos-delay=\"0\" data-aos-easing=\"ease\" data-aos-once=\"true\" class=\"wp-block-uagb-container uagb-block-30398483 alignfull uagb-is-root-container\"><div class=\"uagb-container-inner-blocks-wrap\">\n<h2 class=\"wp-block-heading has-text-align-center has-text-color has-link-color wp-elements-6cc4c06769c9942631e001678bf752d0\" style=\"color:#698d40\"><strong>Bike room  (garage)<\/strong><\/h2>\n\n\n\n<p class=\"has-text-align-center\">You can use the garage, which is located right next to the parking lot, to store your bikes. You can access it using the code that you will receive before arrival after meeting the above conditions.<\/p>\n<\/div><\/div>\n\n\n\n<div data-aos= \"fade-up\" data-aos-duration=\"400\" data-aos-delay=\"0\" data-aos-easing=\"ease\" data-aos-once=\"true\" class=\"wp-block-uagb-container uagb-block-59f6201a alignfull uagb-is-root-container\"><div class=\"uagb-container-inner-blocks-wrap\">\n<p class=\"has-text-align-center\" style=\"font-size:29px\">The numbers in the room names correspond to the original numbering of the rooms.<\/p>\n<\/div><\/div>","protected":false},"excerpt":{"rendered":"<p>M\u016f\u017eete se ubytovat v jednom ze sedm\u00e1cti pokoj\u016f. Koncept penzionu jsme se sna\u017eili propojit s na\u0161\u00ed firmou, proto ka\u017ed\u00fd pokoj nese n\u00e1zev a je designov\u00e1n ve stylu jednotliv\u00e9 zem\u011b, ze kter\u00e9 poch\u00e1z\u00ed zrnka k\u00e1vy. Ka\u017ed\u00fd pobyt pro V\u00e1s m\u016f\u017ee b\u00fdt jedine\u010dn\u00fd, jeliko\u017e se m\u00edstnosti li\u0161\u00ed taky ve vybran\u00fdch barv\u00e1ch a dopl\u0148c\u00edch. Kdo by si nap\u0159\u00edklad [&hellip;]<\/p>\n","protected":false},"author":1,"featured_media":1463,"parent":0,"menu_order":0,"comment_status":"closed","ping_status":"closed","template":"","meta":{"inline_featured_image":false,"_uag_custom_page_level_css":"","footnotes":""},"class_list":["post-47","page","type-page","status-publish","has-post-thumbnail","hentry"],"yoast_head":"<!-- This site is optimized with the Yoast SEO plugin v27.3 - https:\/\/yoast.com\/product\/yoast-seo-wordpress\/ -->\n<title>Ubytov\u00e1n\u00ed - Penzion Moravsk\u00e1 O\u00e1za<\/title>\n<meta name=\"robots\" content=\"index, follow, max-snippet:-1, max-image-preview:large, max-video-preview:-1\" \/>\n<link rel=\"canonical\" href=\"https:\/\/moravskaoaza.penzionyjamai.cz\/en\/ubytovani\/\" \/>\n<meta property=\"og:locale\" content=\"en_GB\" \/>\n<meta property=\"og:type\" content=\"article\" \/>\n<meta property=\"og:title\" content=\"Ubytov\u00e1n\u00ed - Penzion Moravsk\u00e1 O\u00e1za\" \/>\n<meta property=\"og:description\" content=\"M\u016f\u017eete se ubytovat v jednom ze sedm\u00e1cti pokoj\u016f. Koncept penzionu jsme se sna\u017eili propojit s na\u0161\u00ed firmou, proto ka\u017ed\u00fd pokoj nese n\u00e1zev a je designov\u00e1n ve stylu jednotliv\u00e9 zem\u011b, ze kter\u00e9 poch\u00e1z\u00ed zrnka k\u00e1vy. Ka\u017ed\u00fd pobyt pro V\u00e1s m\u016f\u017ee b\u00fdt jedine\u010dn\u00fd, jeliko\u017e se m\u00edstnosti li\u0161\u00ed taky ve vybran\u00fdch barv\u00e1ch a dopl\u0148c\u00edch. Kdo by si nap\u0159\u00edklad [&hellip;]\" \/>\n<meta property=\"og:url\" content=\"https:\/\/moravskaoaza.penzionyjamai.cz\/en\/ubytovani\/\" \/>\n<meta property=\"og:site_name\" content=\"Penzion Moravsk\u00e1 O\u00e1za\" \/>\n<meta property=\"article:modified_time\" content=\"2024-10-01T15:34:26+00:00\" \/>\n<meta property=\"og:image\" content=\"https:\/\/moravskaoaza.penzionyjamai.cz\/wp-content\/uploads\/2024\/05\/kena_02.jpg\" \/>\n\t<meta property=\"og:image:width\" content=\"1920\" \/>\n\t<meta property=\"og:image:height\" content=\"1440\" \/>\n\t<meta property=\"og:image:type\" content=\"image\/jpeg\" \/>\n<meta name=\"twitter:card\" content=\"summary_large_image\" \/>\n<meta name=\"twitter:label1\" content=\"Estimated reading time\" \/>\n\t<meta name=\"twitter:data1\" content=\"3 minutes\" \/>\n<script type=\"application\/ld+json\" class=\"yoast-schema-graph\">{\"@context\":\"https:\\\/\\\/schema.org\",\"@graph\":[{\"@type\":\"WebPage\",\"@id\":\"https:\\\/\\\/moravskaoaza.penzionyjamai.cz\\\/ubytovani\\\/\",\"url\":\"https:\\\/\\\/moravskaoaza.penzionyjamai.cz\\\/ubytovani\\\/\",\"name\":\"Ubytov\u00e1n\u00ed - Penzion Moravsk\u00e1 O\u00e1za\",\"isPartOf\":{\"@id\":\"https:\\\/\\\/moravskaoaza.penzionyjamai.cz\\\/#website\"},\"primaryImageOfPage\":{\"@id\":\"https:\\\/\\\/moravskaoaza.penzionyjamai.cz\\\/ubytovani\\\/#primaryimage\"},\"image\":{\"@id\":\"https:\\\/\\\/moravskaoaza.penzionyjamai.cz\\\/ubytovani\\\/#primaryimage\"},\"thumbnailUrl\":\"https:\\\/\\\/moravskaoaza.penzionyjamai.cz\\\/wp-content\\\/uploads\\\/2024\\\/05\\\/kena_02.jpg\",\"datePublished\":\"2021-01-05T12:04:16+00:00\",\"dateModified\":\"2024-10-01T15:34:26+00:00\",\"breadcrumb\":{\"@id\":\"https:\\\/\\\/moravskaoaza.penzionyjamai.cz\\\/ubytovani\\\/#breadcrumb\"},\"inLanguage\":\"en-GB\",\"potentialAction\":[{\"@type\":\"ReadAction\",\"target\":[\"https:\\\/\\\/moravskaoaza.penzionyjamai.cz\\\/ubytovani\\\/\"]}]},{\"@type\":\"ImageObject\",\"inLanguage\":\"en-GB\",\"@id\":\"https:\\\/\\\/moravskaoaza.penzionyjamai.cz\\\/ubytovani\\\/#primaryimage\",\"url\":\"https:\\\/\\\/moravskaoaza.penzionyjamai.cz\\\/wp-content\\\/uploads\\\/2024\\\/05\\\/kena_02.jpg\",\"contentUrl\":\"https:\\\/\\\/moravskaoaza.penzionyjamai.cz\\\/wp-content\\\/uploads\\\/2024\\\/05\\\/kena_02.jpg\",\"width\":1920,\"height\":1440},{\"@type\":\"BreadcrumbList\",\"@id\":\"https:\\\/\\\/moravskaoaza.penzionyjamai.cz\\\/ubytovani\\\/#breadcrumb\",\"itemListElement\":[{\"@type\":\"ListItem\",\"position\":1,\"name\":\"Home\",\"item\":\"https:\\\/\\\/moravskaoaza.penzionyjamai.cz\\\/\"},{\"@type\":\"ListItem\",\"position\":2,\"name\":\"Ubytov\u00e1n\u00ed\"}]},{\"@type\":\"WebSite\",\"@id\":\"https:\\\/\\\/moravskaoaza.penzionyjamai.cz\\\/#website\",\"url\":\"https:\\\/\\\/moravskaoaza.penzionyjamai.cz\\\/\",\"name\":\"Penzion Moravsk\u00e1 O\u00e1za\",\"description\":\"\",\"publisher\":{\"@id\":\"https:\\\/\\\/moravskaoaza.penzionyjamai.cz\\\/#organization\"},\"potentialAction\":[{\"@type\":\"SearchAction\",\"target\":{\"@type\":\"EntryPoint\",\"urlTemplate\":\"https:\\\/\\\/moravskaoaza.penzionyjamai.cz\\\/?s={search_term_string}\"},\"query-input\":{\"@type\":\"PropertyValueSpecification\",\"valueRequired\":true,\"valueName\":\"search_term_string\"}}],\"inLanguage\":\"en-GB\"},{\"@type\":\"Organization\",\"@id\":\"https:\\\/\\\/moravskaoaza.penzionyjamai.cz\\\/#organization\",\"name\":\"Penzion Moravsk\u00e1 O\u00e1za\",\"url\":\"https:\\\/\\\/moravskaoaza.penzionyjamai.cz\\\/\",\"logo\":{\"@type\":\"ImageObject\",\"inLanguage\":\"en-GB\",\"@id\":\"https:\\\/\\\/moravskaoaza.penzionyjamai.cz\\\/#\\\/schema\\\/logo\\\/image\\\/\",\"url\":\"https:\\\/\\\/moravskaoaza.penzionyjamai.cz\\\/wp-content\\\/uploads\\\/2025\\\/10\\\/penziony_moravska_oaza_logo_nad_sebou.svg\",\"contentUrl\":\"https:\\\/\\\/moravskaoaza.penzionyjamai.cz\\\/wp-content\\\/uploads\\\/2025\\\/10\\\/penziony_moravska_oaza_logo_nad_sebou.svg\",\"width\":\"1024\",\"height\":\"1024\",\"caption\":\"Penzion Moravsk\u00e1 O\u00e1za\"},\"image\":{\"@id\":\"https:\\\/\\\/moravskaoaza.penzionyjamai.cz\\\/#\\\/schema\\\/logo\\\/image\\\/\"}}]}<\/script>\n<!-- \/ Yoast SEO plugin. -->","yoast_head_json":{"title":"Ubytov\u00e1n\u00ed - Penzion Moravsk\u00e1 O\u00e1za","robots":{"index":"index","follow":"follow","max-snippet":"max-snippet:-1","max-image-preview":"max-image-preview:large","max-video-preview":"max-video-preview:-1"},"canonical":"https:\/\/moravskaoaza.penzionyjamai.cz\/en\/ubytovani\/","og_locale":"en_GB","og_type":"article","og_title":"Ubytov\u00e1n\u00ed - Penzion Moravsk\u00e1 O\u00e1za","og_description":"M\u016f\u017eete se ubytovat v jednom ze sedm\u00e1cti pokoj\u016f. Koncept penzionu jsme se sna\u017eili propojit s na\u0161\u00ed firmou, proto ka\u017ed\u00fd pokoj nese n\u00e1zev a je designov\u00e1n ve stylu jednotliv\u00e9 zem\u011b, ze kter\u00e9 poch\u00e1z\u00ed zrnka k\u00e1vy. Ka\u017ed\u00fd pobyt pro V\u00e1s m\u016f\u017ee b\u00fdt jedine\u010dn\u00fd, jeliko\u017e se m\u00edstnosti li\u0161\u00ed taky ve vybran\u00fdch barv\u00e1ch a dopl\u0148c\u00edch. Kdo by si nap\u0159\u00edklad [&hellip;]","og_url":"https:\/\/moravskaoaza.penzionyjamai.cz\/en\/ubytovani\/","og_site_name":"Penzion Moravsk\u00e1 O\u00e1za","article_modified_time":"2024-10-01T15:34:26+00:00","og_image":[{"width":1920,"height":1440,"url":"https:\/\/moravskaoaza.penzionyjamai.cz\/wp-content\/uploads\/2024\/05\/kena_02.jpg","type":"image\/jpeg"}],"twitter_card":"summary_large_image","twitter_misc":{"Estimated reading time":"3 minutes"},"schema":{"@context":"https:\/\/schema.org","@graph":[{"@type":"WebPage","@id":"https:\/\/moravskaoaza.penzionyjamai.cz\/ubytovani\/","url":"https:\/\/moravskaoaza.penzionyjamai.cz\/ubytovani\/","name":"Ubytov\u00e1n\u00ed - Penzion Moravsk\u00e1 O\u00e1za","isPartOf":{"@id":"https:\/\/moravskaoaza.penzionyjamai.cz\/#website"},"primaryImageOfPage":{"@id":"https:\/\/moravskaoaza.penzionyjamai.cz\/ubytovani\/#primaryimage"},"image":{"@id":"https:\/\/moravskaoaza.penzionyjamai.cz\/ubytovani\/#primaryimage"},"thumbnailUrl":"https:\/\/moravskaoaza.penzionyjamai.cz\/wp-content\/uploads\/2024\/05\/kena_02.jpg","datePublished":"2021-01-05T12:04:16+00:00","dateModified":"2024-10-01T15:34:26+00:00","breadcrumb":{"@id":"https:\/\/moravskaoaza.penzionyjamai.cz\/ubytovani\/#breadcrumb"},"inLanguage":"en-GB","potentialAction":[{"@type":"ReadAction","target":["https:\/\/moravskaoaza.penzionyjamai.cz\/ubytovani\/"]}]},{"@type":"ImageObject","inLanguage":"en-GB","@id":"https:\/\/moravskaoaza.penzionyjamai.cz\/ubytovani\/#primaryimage","url":"https:\/\/moravskaoaza.penzionyjamai.cz\/wp-content\/uploads\/2024\/05\/kena_02.jpg","contentUrl":"https:\/\/moravskaoaza.penzionyjamai.cz\/wp-content\/uploads\/2024\/05\/kena_02.jpg","width":1920,"height":1440},{"@type":"BreadcrumbList","@id":"https:\/\/moravskaoaza.penzionyjamai.cz\/ubytovani\/#breadcrumb","itemListElement":[{"@type":"ListItem","position":1,"name":"Home","item":"https:\/\/moravskaoaza.penzionyjamai.cz\/"},{"@type":"ListItem","position":2,"name":"Ubytov\u00e1n\u00ed"}]},{"@type":"WebSite","@id":"https:\/\/moravskaoaza.penzionyjamai.cz\/#website","url":"https:\/\/moravskaoaza.penzionyjamai.cz\/","name":"Penzion Moravsk\u00e1 O\u00e1za","description":"","publisher":{"@id":"https:\/\/moravskaoaza.penzionyjamai.cz\/#organization"},"potentialAction":[{"@type":"SearchAction","target":{"@type":"EntryPoint","urlTemplate":"https:\/\/moravskaoaza.penzionyjamai.cz\/?s={search_term_string}"},"query-input":{"@type":"PropertyValueSpecification","valueRequired":true,"valueName":"search_term_string"}}],"inLanguage":"en-GB"},{"@type":"Organization","@id":"https:\/\/moravskaoaza.penzionyjamai.cz\/#organization","name":"Penzion Moravsk\u00e1 O\u00e1za","url":"https:\/\/moravskaoaza.penzionyjamai.cz\/","logo":{"@type":"ImageObject","inLanguage":"en-GB","@id":"https:\/\/moravskaoaza.penzionyjamai.cz\/#\/schema\/logo\/image\/","url":"https:\/\/moravskaoaza.penzionyjamai.cz\/wp-content\/uploads\/2025\/10\/penziony_moravska_oaza_logo_nad_sebou.svg","contentUrl":"https:\/\/moravskaoaza.penzionyjamai.cz\/wp-content\/uploads\/2025\/10\/penziony_moravska_oaza_logo_nad_sebou.svg","width":"1024","height":"1024","caption":"Penzion Moravsk\u00e1 O\u00e1za"},"image":{"@id":"https:\/\/moravskaoaza.penzionyjamai.cz\/#\/schema\/logo\/image\/"}}]}},"uagb_featured_image_src":{"full":["https:\/\/moravskaoaza.penzionyjamai.cz\/wp-content\/uploads\/2024\/05\/kena_02.jpg",1920,1440,false],"thumbnail":["https:\/\/moravskaoaza.penzionyjamai.cz\/wp-content\/uploads\/2024\/05\/kena_02-150x150.jpg",150,150,true],"medium":["https:\/\/moravskaoaza.penzionyjamai.cz\/wp-content\/uploads\/2024\/05\/kena_02-300x225.jpg",300,225,true],"medium_large":["https:\/\/moravskaoaza.penzionyjamai.cz\/wp-content\/uploads\/2024\/05\/kena_02-768x576.jpg",768,576,true],"large":["https:\/\/moravskaoaza.penzionyjamai.cz\/wp-content\/uploads\/2024\/05\/kena_02-1024x768.jpg",1024,768,true],"1536x1536":["https:\/\/moravskaoaza.penzionyjamai.cz\/wp-content\/uploads\/2024\/05\/kena_02-1536x1152.jpg",1536,1152,true],"2048x2048":["https:\/\/moravskaoaza.penzionyjamai.cz\/wp-content\/uploads\/2024\/05\/kena_02.jpg",1920,1440,false],"trp-custom-language-flag":["https:\/\/moravskaoaza.penzionyjamai.cz\/wp-content\/uploads\/2024\/05\/kena_02-16x12.jpg",16,12,true]},"uagb_author_info":{"display_name":"admin","author_link":"https:\/\/moravskaoaza.penzionyjamai.cz\/en\/author\/admin\/"},"uagb_comment_info":0,"uagb_excerpt":"M\u016f\u017eete se ubytovat v jednom ze sedm\u00e1cti pokoj\u016f. Koncept penzionu jsme se sna\u017eili propojit s na\u0161\u00ed firmou, proto ka\u017ed\u00fd pokoj nese n\u00e1zev a je designov\u00e1n ve stylu jednotliv\u00e9 zem\u011b, ze kter\u00e9 poch\u00e1z\u00ed zrnka k\u00e1vy. Ka\u017ed\u00fd pobyt pro V\u00e1s m\u016f\u017ee b\u00fdt jedine\u010dn\u00fd, jeliko\u017e se m\u00edstnosti li\u0161\u00ed taky ve vybran\u00fdch barv\u00e1ch a dopl\u0148c\u00edch. Kdo by si nap\u0159\u00edklad&hellip;","_links":{"self":[{"href":"https:\/\/moravskaoaza.penzionyjamai.cz\/en\/wp-json\/wp\/v2\/pages\/47","targetHints":{"allow":["GET"]}}],"collection":[{"href":"https:\/\/moravskaoaza.penzionyjamai.cz\/en\/wp-json\/wp\/v2\/pages"}],"about":[{"href":"https:\/\/moravskaoaza.penzionyjamai.cz\/en\/wp-json\/wp\/v2\/types\/page"}],"author":[{"embeddable":true,"href":"https:\/\/moravskaoaza.penzionyjamai.cz\/en\/wp-json\/wp\/v2\/users\/1"}],"replies":[{"embeddable":true,"href":"https:\/\/moravskaoaza.penzionyjamai.cz\/en\/wp-json\/wp\/v2\/comments?post=47"}],"version-history":[{"count":72,"href":"https:\/\/moravskaoaza.penzionyjamai.cz\/en\/wp-json\/wp\/v2\/pages\/47\/revisions"}],"predecessor-version":[{"id":1555,"href":"https:\/\/moravskaoaza.penzionyjamai.cz\/en\/wp-json\/wp\/v2\/pages\/47\/revisions\/1555"}],"wp:featuredmedia":[{"embeddable":true,"href":"https:\/\/moravskaoaza.penzionyjamai.cz\/en\/wp-json\/wp\/v2\/media\/1463"}],"wp:attachment":[{"href":"https:\/\/moravskaoaza.penzionyjamai.cz\/en\/wp-json\/wp\/v2\/media?parent=47"}],"curies":[{"name":"wp","href":"https:\/\/api.w.org\/{rel}","templated":true}]}}