{"id":1635,"date":"2025-04-15T11:18:11","date_gmt":"2025-04-15T09:18:11","guid":{"rendered":"https:\/\/moravskaoaza.penzionyjamai.cz\/?page_id=1635"},"modified":"2025-04-15T11:18:11","modified_gmt":"2025-04-15T09:18:11","slug":"akce-v-okoli-seznam","status":"publish","type":"page","link":"https:\/\/moravskaoaza.penzionyjamai.cz\/en\/akce-v-okoli-seznam\/","title":{"rendered":"Akce v okol\u00ed"},"content":{"rendered":"<div class=\"wp-block-query is-layout-flow wp-block-query-is-layout-flow\"><ul class=\"columns-1 wp-block-post-template is-layout-grid wp-container-core-post-template-is-layout-f9ac393c wp-block-post-template-is-layout-grid\"><li class=\"wp-block-post post-1633 events-around type-events-around status-publish hentry\">\n\n<div class=\"wp-block-group\" style=\"padding-top:30px;padding-right:30px;padding-bottom:30px;padding-left:30px\"><div class=\"wp-block-group__inner-container is-layout-flow wp-block-group-is-layout-flow\"><h2 class=\"wp-block-post-title\"><a href=\"https:\/\/moravskaoaza.penzionyjamai.cz\/en\/akce-v-okoli\/valtice\/\" target=\"_self\" >Valtice<\/a><\/h2>\n\n<div class=\"wp-block-post-excerpt\"><p class=\"wp-block-post-excerpt__excerpt\">Valtice, srdce vina\u0159sk\u00e9ho d\u011bn\u00ed a pr\u00e1vem naz\u00fdvan\u00e9 hlavn\u00edm m\u011bstem v\u00edna, \u017eij\u00ed po cel\u00fd rok bohat\u00fdm kulturn\u00edm a spole\u010densk\u00fdm \u017eivotem. A\u0165 u\u017e k n\u00e1m zav\u00edt\u00e1te na ja\u0159e, v l\u00e9t\u011b nebo na podzim, t\u00e9m\u011b\u0159 v\u017edy tu naraz\u00edte na&hellip;<\/p><p class=\"wp-block-post-excerpt__more-text\"><a class=\"wp-block-post-excerpt__more-link\" href=\"https:\/\/moravskaoaza.penzionyjamai.cz\/en\/akce-v-okoli\/valtice\/\">\u010c\u00edst v\u00edce<\/a><\/p><\/div><\/div><\/div>\n\n<\/li><\/ul><\/div>","protected":false},"excerpt":{"rendered":"","protected":false},"author":1,"featured_media":0,"parent":0,"menu_order":0,"comment_status":"closed","ping_status":"closed","template":"","meta":{"inline_featured_image":false,"_uag_custom_page_level_css":"","footnotes":""},"class_list":["post-1635","page","type-page","status-publish","hentry"],"yoast_head":"<!-- This site is optimized with the Yoast SEO plugin v27.5 - https:\/\/yoast.com\/product\/yoast-seo-wordpress\/ -->\n<title>Akce v okol\u00ed - Penzion Moravsk\u00e1 O\u00e1za<\/title>\n<meta name=\"robots\" content=\"index, follow, max-snippet:-1, max-image-preview:large, max-video-preview:-1\" \/>\n<link rel=\"canonical\" href=\"https:\/\/moravskaoaza.penzionyjamai.cz\/en\/akce-v-okoli-seznam\/\" \/>\n<meta property=\"og:locale\" content=\"en_GB\" \/>\n<meta property=\"og:type\" content=\"article\" \/>\n<meta property=\"og:title\" content=\"Akce v okol\u00ed - Penzion Moravsk\u00e1 O\u00e1za\" \/>\n<meta property=\"og:url\" content=\"https:\/\/moravskaoaza.penzionyjamai.cz\/en\/akce-v-okoli-seznam\/\" \/>\n<meta property=\"og:site_name\" content=\"Penzion Moravsk\u00e1 O\u00e1za\" \/>\n<meta name=\"twitter:card\" content=\"summary_large_image\" \/>\n<script type=\"application\/ld+json\" class=\"yoast-schema-graph\">{\"@context\":\"https:\\\/\\\/schema.org\",\"@graph\":[{\"@type\":\"WebPage\",\"@id\":\"https:\\\/\\\/moravskaoaza.penzionyjamai.cz\\\/akce-v-okoli-seznam\\\/\",\"url\":\"https:\\\/\\\/moravskaoaza.penzionyjamai.cz\\\/akce-v-okoli-seznam\\\/\",\"name\":\"Akce v okol\u00ed - Penzion Moravsk\u00e1 O\u00e1za\",\"isPartOf\":{\"@id\":\"https:\\\/\\\/moravskaoaza.penzionyjamai.cz\\\/#website\"},\"datePublished\":\"2025-04-15T09:18:11+00:00\",\"breadcrumb\":{\"@id\":\"https:\\\/\\\/moravskaoaza.penzionyjamai.cz\\\/akce-v-okoli-seznam\\\/#breadcrumb\"},\"inLanguage\":\"en-GB\",\"potentialAction\":[{\"@type\":\"ReadAction\",\"target\":[\"https:\\\/\\\/moravskaoaza.penzionyjamai.cz\\\/akce-v-okoli-seznam\\\/\"]}]},{\"@type\":\"BreadcrumbList\",\"@id\":\"https:\\\/\\\/moravskaoaza.penzionyjamai.cz\\\/akce-v-okoli-seznam\\\/#breadcrumb\",\"itemListElement\":[{\"@type\":\"ListItem\",\"position\":1,\"name\":\"Home\",\"item\":\"https:\\\/\\\/moravskaoaza.penzionyjamai.cz\\\/\"},{\"@type\":\"ListItem\",\"position\":2,\"name\":\"Akce v okol\u00ed\"}]},{\"@type\":\"WebSite\",\"@id\":\"https:\\\/\\\/moravskaoaza.penzionyjamai.cz\\\/#website\",\"url\":\"https:\\\/\\\/moravskaoaza.penzionyjamai.cz\\\/\",\"name\":\"Penzion Moravsk\u00e1 O\u00e1za\",\"description\":\"\",\"publisher\":{\"@id\":\"https:\\\/\\\/moravskaoaza.penzionyjamai.cz\\\/#organization\"},\"potentialAction\":[{\"@type\":\"SearchAction\",\"target\":{\"@type\":\"EntryPoint\",\"urlTemplate\":\"https:\\\/\\\/moravskaoaza.penzionyjamai.cz\\\/?s={search_term_string}\"},\"query-input\":{\"@type\":\"PropertyValueSpecification\",\"valueRequired\":true,\"valueName\":\"search_term_string\"}}],\"inLanguage\":\"en-GB\"},{\"@type\":\"Organization\",\"@id\":\"https:\\\/\\\/moravskaoaza.penzionyjamai.cz\\\/#organization\",\"name\":\"Penzion Moravsk\u00e1 O\u00e1za\",\"url\":\"https:\\\/\\\/moravskaoaza.penzionyjamai.cz\\\/\",\"logo\":{\"@type\":\"ImageObject\",\"inLanguage\":\"en-GB\",\"@id\":\"https:\\\/\\\/moravskaoaza.penzionyjamai.cz\\\/#\\\/schema\\\/logo\\\/image\\\/\",\"url\":\"https:\\\/\\\/moravskaoaza.penzionyjamai.cz\\\/wp-content\\\/uploads\\\/2025\\\/10\\\/penziony_moravska_oaza_logo_nad_sebou.svg\",\"contentUrl\":\"https:\\\/\\\/moravskaoaza.penzionyjamai.cz\\\/wp-content\\\/uploads\\\/2025\\\/10\\\/penziony_moravska_oaza_logo_nad_sebou.svg\",\"width\":\"1024\",\"height\":\"1024\",\"caption\":\"Penzion Moravsk\u00e1 O\u00e1za\"},\"image\":{\"@id\":\"https:\\\/\\\/moravskaoaza.penzionyjamai.cz\\\/#\\\/schema\\\/logo\\\/image\\\/\"}}]}<\/script>\n<!-- \/ Yoast SEO plugin. -->","yoast_head_json":{"title":"Akce v okol\u00ed - Penzion Moravsk\u00e1 O\u00e1za","robots":{"index":"index","follow":"follow","max-snippet":"max-snippet:-1","max-image-preview":"max-image-preview:large","max-video-preview":"max-video-preview:-1"},"canonical":"https:\/\/moravskaoaza.penzionyjamai.cz\/en\/akce-v-okoli-seznam\/","og_locale":"en_GB","og_type":"article","og_title":"Akce v okol\u00ed - Penzion Moravsk\u00e1 O\u00e1za","og_url":"https:\/\/moravskaoaza.penzionyjamai.cz\/en\/akce-v-okoli-seznam\/","og_site_name":"Penzion Moravsk\u00e1 O\u00e1za","twitter_card":"summary_large_image","schema":{"@context":"https:\/\/schema.org","@graph":[{"@type":"WebPage","@id":"https:\/\/moravskaoaza.penzionyjamai.cz\/akce-v-okoli-seznam\/","url":"https:\/\/moravskaoaza.penzionyjamai.cz\/akce-v-okoli-seznam\/","name":"Akce v okol\u00ed - Penzion Moravsk\u00e1 O\u00e1za","isPartOf":{"@id":"https:\/\/moravskaoaza.penzionyjamai.cz\/#website"},"datePublished":"2025-04-15T09:18:11+00:00","breadcrumb":{"@id":"https:\/\/moravskaoaza.penzionyjamai.cz\/akce-v-okoli-seznam\/#breadcrumb"},"inLanguage":"en-GB","potentialAction":[{"@type":"ReadAction","target":["https:\/\/moravskaoaza.penzionyjamai.cz\/akce-v-okoli-seznam\/"]}]},{"@type":"BreadcrumbList","@id":"https:\/\/moravskaoaza.penzionyjamai.cz\/akce-v-okoli-seznam\/#breadcrumb","itemListElement":[{"@type":"ListItem","position":1,"name":"Home","item":"https:\/\/moravskaoaza.penzionyjamai.cz\/"},{"@type":"ListItem","position":2,"name":"Akce v okol\u00ed"}]},{"@type":"WebSite","@id":"https:\/\/moravskaoaza.penzionyjamai.cz\/#website","url":"https:\/\/moravskaoaza.penzionyjamai.cz\/","name":"Penzion Moravsk\u00e1 O\u00e1za","description":"","publisher":{"@id":"https:\/\/moravskaoaza.penzionyjamai.cz\/#organization"},"potentialAction":[{"@type":"SearchAction","target":{"@type":"EntryPoint","urlTemplate":"https:\/\/moravskaoaza.penzionyjamai.cz\/?s={search_term_string}"},"query-input":{"@type":"PropertyValueSpecification","valueRequired":true,"valueName":"search_term_string"}}],"inLanguage":"en-GB"},{"@type":"Organization","@id":"https:\/\/moravskaoaza.penzionyjamai.cz\/#organization","name":"Penzion Moravsk\u00e1 O\u00e1za","url":"https:\/\/moravskaoaza.penzionyjamai.cz\/","logo":{"@type":"ImageObject","inLanguage":"en-GB","@id":"https:\/\/moravskaoaza.penzionyjamai.cz\/#\/schema\/logo\/image\/","url":"https:\/\/moravskaoaza.penzionyjamai.cz\/wp-content\/uploads\/2025\/10\/penziony_moravska_oaza_logo_nad_sebou.svg","contentUrl":"https:\/\/moravskaoaza.penzionyjamai.cz\/wp-content\/uploads\/2025\/10\/penziony_moravska_oaza_logo_nad_sebou.svg","width":"1024","height":"1024","caption":"Penzion Moravsk\u00e1 O\u00e1za"},"image":{"@id":"https:\/\/moravskaoaza.penzionyjamai.cz\/#\/schema\/logo\/image\/"}}]}},"uagb_featured_image_src":{"full":false,"thumbnail":false,"medium":false,"medium_large":false,"large":false,"1536x1536":false,"2048x2048":false,"trp-custom-language-flag":false},"uagb_author_info":{"display_name":"admin","author_link":"https:\/\/moravskaoaza.penzionyjamai.cz\/en\/author\/admin\/"},"uagb_comment_info":0,"uagb_excerpt":null,"_links":{"self":[{"href":"https:\/\/moravskaoaza.penzionyjamai.cz\/en\/wp-json\/wp\/v2\/pages\/1635","targetHints":{"allow":["GET"]}}],"collection":[{"href":"https:\/\/moravskaoaza.penzionyjamai.cz\/en\/wp-json\/wp\/v2\/pages"}],"about":[{"href":"https:\/\/moravskaoaza.penzionyjamai.cz\/en\/wp-json\/wp\/v2\/types\/page"}],"author":[{"embeddable":true,"href":"https:\/\/moravskaoaza.penzionyjamai.cz\/en\/wp-json\/wp\/v2\/users\/1"}],"replies":[{"embeddable":true,"href":"https:\/\/moravskaoaza.penzionyjamai.cz\/en\/wp-json\/wp\/v2\/comments?post=1635"}],"version-history":[{"count":1,"href":"https:\/\/moravskaoaza.penzionyjamai.cz\/en\/wp-json\/wp\/v2\/pages\/1635\/revisions"}],"predecessor-version":[{"id":1636,"href":"https:\/\/moravskaoaza.penzionyjamai.cz\/en\/wp-json\/wp\/v2\/pages\/1635\/revisions\/1636"}],"wp:attachment":[{"href":"https:\/\/moravskaoaza.penzionyjamai.cz\/en\/wp-json\/wp\/v2\/media?parent=1635"}],"curies":[{"name":"wp","href":"https:\/\/api.w.org\/{rel}","templated":true}]}}