{"id":120,"date":"2021-02-13T09:07:00","date_gmt":"2021-02-13T08:07:00","guid":{"rendered":"https:\/\/moravskaoaza.penzionyjamai.cz\/?page_id=120"},"modified":"2025-10-21T14:43:09","modified_gmt":"2025-10-21T12:43:09","slug":"o-penzionu","status":"publish","type":"page","link":"https:\/\/moravskaoaza.penzionyjamai.cz\/en\/","title":{"rendered":"About the guesthouse"},"content":{"rendered":"<div data-aos= \"fade-up\" data-aos-duration=\"400\" data-aos-delay=\"0\" data-aos-easing=\"ease\" data-aos-once=\"true\" class=\"wp-block-uagb-container uagb-block-af1c7e0b alignfull uagb-is-root-container\"><div class=\"uagb-container-inner-blocks-wrap\">\n<p class=\"has-text-align-center\">Penzion Moravsk\u00e1 O\u00e1za is located in Valtice, more precisely in the center of the Lednice-Valtice area, which is a world-unique landscape complex registered in the UNESCO World Cultural Heritage List. It includes a large number of cultural and natural monuments that you can explore on foot or by bike from our guest house, thanks to the large number of footpaths and cycle paths.<\/p>\n\n\n\n<p class=\"has-text-align-center\">The operation of the guesthouse falls under the company JAMAI CAFE s.r.o., which is situated in Uhersk\u00fd Brod. The company sells freshly roasted coffee, which it imports in its raw state from all over the world and then roasts. The main activity of the company is the sale of coffee beans to offices and companies. The coffee is also available in four Jamai caf\u00e9s in the Zl\u00edn region and on the\u00a0e-shop. Since the company's headquarters and its caf\u00e9s are located in the Slov\u00e1cko region, a region known for its traditions, folklore, dulcimer, slivovitz and premium wine, the company tries to support local traditions and tourism development.<\/p>\n\n\n\n<p class=\"has-text-align-center\">The guesthouse is a suitable place for accommodation for lovers of wine and cycling, families with children, couples or larger groups of tourists. Although the guesthouse is located in a quiet part of Valtice, it is only 400 meters from Valtice Castle and the town center, where you can find several restaurants, is only 500 meters away.<\/p>\n\n\n\n<p class=\"has-text-align-center\">In 2024, we bought the guesthouse from the original owners and partially renovated it. We have thus added another addition to our family of coffee guesthouses, the concept of which is the same, but each one offers different experiences and places to explore.<\/p>\n\n\n\n<p class=\"has-text-align-center\">You can also view them in the Pensions Jamai link in the top bar of the website.<\/p>\n<\/div><\/div>\n\n\n\n<div data-aos= \"fade-up\" data-aos-duration=\"400\" data-aos-delay=\"0\" data-aos-easing=\"ease\" data-aos-once=\"true\" class=\"wp-block-uagb-container uagb-block-13f2a8d0 alignfull uagb-is-root-container\">\n<div class=\"wp-block-penzionyjamai-blocks-square square-container\"><a href=\"https:\/\/moravskaoaza.penzionyjamai.cz\/en\/ubytovani\/\"><div class=\"square\" style=\"background-image:url(https:\/\/moravskaoaza.penzionyjamai.cz\/wp-content\/uploads\/2024\/05\/kena_02.jpg)\"><div class=\"overlay\"><div class=\"square-text\">Accommodation<\/div><\/div><\/div><\/a><\/div>\n\n\n\n<div class=\"wp-block-penzionyjamai-blocks-square square-container\"><a href=\"https:\/\/moravskaoaza.penzionyjamai.cz\/en\/vinny-sklep\/\"><div class=\"square\" style=\"background-image:url(https:\/\/moravskaoaza.penzionyjamai.cz\/wp-content\/uploads\/2024\/03\/vinny_sklep.jpg)\"><div class=\"overlay\"><div class=\"square-text\">Wine cellar and wine shop<\/div><\/div><\/div><\/a><\/div>\n\n\n\n<div class=\"wp-block-penzionyjamai-blocks-square square-container\"><a href=\"https:\/\/moravskaoaza.penzionyjamai.cz\/en\/kam-na-vylet\/\"><div class=\"square\" style=\"background-image:url(https:\/\/moravskaoaza.penzionyjamai.cz\/wp-content\/uploads\/2021\/05\/kam_na_vylet.jpg)\"><div class=\"overlay\"><div class=\"square-text\">Trip tips<\/div><\/div><\/div><\/a><\/div>\n\n\n\n<div class=\"wp-block-penzionyjamai-blocks-square square-container\"><a href=\"https:\/\/moravskaoaza.penzionyjamai.cz\/en\/fotogalerie\/\"><div class=\"square\" style=\"background-image:url(https:\/\/moravskaoaza.penzionyjamai.cz\/wp-content\/uploads\/2021\/01\/64.jpg)\"><div class=\"overlay\"><div class=\"square-text\">Photo gallery<\/div><\/div><\/div><\/a><\/div>\n\n\n\n<div class=\"wp-block-penzionyjamai-blocks-square square-container\"><a href=\"https:\/\/moravskaoaza.penzionyjamai.cz\/en\/rezervace\/\"><div class=\"square\" style=\"background-image:url(https:\/\/moravskaoaza.penzionyjamai.cz\/wp-content\/uploads\/2021\/01\/rezervace.jpg)\"><div class=\"overlay\"><div class=\"square-text\">Reservation<\/div><\/div><\/div><\/a><\/div>\n\n\n\n<div class=\"wp-block-penzionyjamai-blocks-square square-container\"><a href=\"https:\/\/moravskaoaza.penzionyjamai.cz\/en\/kontakty\/\"><div class=\"square\" style=\"background-image:url(https:\/\/moravskaoaza.penzionyjamai.cz\/wp-content\/uploads\/2021\/05\/kontakt.jpg)\"><div class=\"overlay\"><div class=\"square-text\">Contact<\/div><\/div><\/div><\/a><\/div>\n<\/div>\n\n\n\n<div data-aos= \"fade-up\" data-aos-duration=\"400\" data-aos-delay=\"0\" data-aos-easing=\"ease\" data-aos-once=\"true\" class=\"wp-block-uagb-container uagb-block-6aab6bfb alignfull uagb-is-root-container\">\n<script src=\"https:\/\/polyfill.io\/v3\/polyfill.min.js?features=default\"><\/script>\n\t<script>\n\t\t\/\/ The following example creates complex markers to indicate beaches near\n\t\t\/\/ Sydney, NSW, Australia. Note that the anchor is set to (0,32) to correspond\n\t\t\/\/ to the base of the flagpole.\n\t\tfunction initMap() {\n\t\t\tconst map = new google.maps.Map(document.getElementById(\"map\"), {\n\t\t\t\tzoom: 13,\n\t\t\t\tcenter: {\n\t\t\t\t\tlat: 48.73901249990562,\n\t\t\t\t\tlng: 16.76285226525089\n\t\t\t\t}\n\t\t\t});\n\t\t\tsetMarkers(map);\n\t\t}\n\t\t\/\/ Data for the markers consisting of a name, a LatLng and a zIndex for the\n\t\t\/\/ order in which these markers should display on top of each other.\n\n\t\tfunction setMarkers(map) {\n\t\t\t\/\/ Adds markers to the map.\n\t\t\t\/\/ Marker sizes are expressed as a Size of X,Y where the origin of the image\n\t\t\t\/\/ (0,0) is located in the top left of the image.\n\t\t\t\/\/ Origins, anchor positions and coordinates of the marker increase in the X\n\t\t\t\/\/ direction to the right and in the Y direction down.\n\t\t\tconst image1 = {\n\t\t\t\turl: \"\/wp-content\/themes\/penzionyjamai\/img\/logo_penzion_moravska_oaza_map.png\",\n\t\t\t\t\/\/ This marker is 20 pixels wide by 32 pixels high.\n\t\t\t\tsize: new google.maps.Size(110, 65),\n\t\t\t\t\/\/ The origin for this image is (0, 0).\n\t\t\t\torigin: new google.maps.Point(0, 0),\n\t\t\t\t\/\/ The anchor for this image is the base of the flagpole at (0, 32).\n\t\t\t\tanchor: new google.maps.Point(0, 65),\n\t\t\t};\n\n\t\t\tnew google.maps.Marker({\n\t\t\t\tposition: {\n\t\t\t\t\tlat: 48.73901249990562,\n\t\t\t\t\tlng: 16.76285226525089\n\t\t\t\t},\n\t\t\t\tmap,\n\t\t\t\ticon: image1,\n\t\t\t\ttitle: \"Penzion Moravsk\u00e1 O\u00e1za\",\n\t\t\t\tzIndex: 2\n\t\t\t});\n\n\t\t}\n\t<\/script>\n\n\t<div id=\"map\"><\/div>\n\t<script src=\"https:\/\/maps.googleapis.com\/maps\/api\/js?key=AIzaSyAyrcgbfxcVV98dy4HbMdovqk_p13PMHpE&#038;callback=initMap&#038;libraries=&#038;v=weekly\" async><\/script>\n<\/div>\n\n\n\n<div class=\"wp-block-uagb-container uagb-block-683c89ba alignfull uagb-is-root-container\"><div class=\"uagb-container-inner-blocks-wrap\">\n<div data-aos= \"fade-up\" data-aos-duration=\"400\" data-aos-delay=\"0\" data-aos-easing=\"ease\" data-aos-once=\"true\" class=\"wp-block-uagb-container uagb-block-c4509c4d alignfull uagb-is-root-container\"><div class=\"uagb-container-inner-blocks-wrap\">\n<h2 class=\"wp-block-heading has-text-align-center has-text-color has-link-color wp-elements-206622ef1af3f5abe3a560d6dfff139f\" style=\"color:#698d40\">Partners<\/h2>\n\n\n\n<div class=\"wp-block-uagb-container uagb-layout-grid uagb-block-375303b0\"><div class=\"wp-block-image\">\n<figure class=\"aligncenter size-medium is-resized\"><a href=\"https:\/\/aratec.cz\" target=\"_blank\" rel=\"noreferrer noopener\"><img loading=\"lazy\" decoding=\"async\" width=\"83\" height=\"31\" src=\"https:\/\/moravskaoaza.penzionyjamai.cz\/wp-content\/uploads\/2024\/12\/logo-aratec.svg\" alt=\"\" class=\"wp-image-1581\" style=\"width:180px\"\/><\/a><\/figure>\n<\/div>\n\n<div class=\"wp-block-image\">\n<figure class=\"aligncenter size-large is-resized\"><a href=\"https:\/\/jamai.cafe\" target=\"_blank\" rel=\"noreferrer noopener\"><img loading=\"lazy\" decoding=\"async\" width=\"62\" height=\"31\" src=\"https:\/\/moravskaoaza.penzionyjamai.cz\/wp-content\/uploads\/2024\/12\/logo-jamai-cafe.svg\" alt=\"\" class=\"wp-image-1579\" style=\"width:180px\"\/><\/a><\/figure>\n<\/div>\n\n<div class=\"wp-block-image\">\n<figure class=\"aligncenter size-large is-resized\"><a href=\"https:\/\/penzionyjamai.cz\/\" target=\"_blank\" rel=\"noreferrer noopener\"><img loading=\"lazy\" decoding=\"async\" width=\"62\" height=\"25\" src=\"https:\/\/moravskaoaza.penzionyjamai.cz\/wp-content\/uploads\/2024\/12\/logo-jamai-penziony.svg\" alt=\"\" class=\"wp-image-1580\" style=\"width:180px\"\/><\/a><\/figure>\n<\/div><\/div>\n<\/div><\/div>\n<\/div><\/div>","protected":false},"excerpt":{"rendered":"<p>Penzion Moravsk\u00e1 O\u00e1za se nach\u00e1z\u00ed ve Valtic\u00edch, p\u0159esn\u011bji v centru Lednicko-valtick\u00e9ho are\u00e1lu, co\u017e je sv\u011btov\u011b unik\u00e1tn\u00ed krajinn\u00fd komplex zapsan\u00fd do Seznamu sv\u011btov\u00e9ho kulturn\u00edho d\u011bdictv\u00ed UNESCO. Jeho sou\u010d\u00e1st\u00ed je velk\u00e9 mno\u017estv\u00ed kulturn\u00edch a p\u0159\u00edrodn\u00edch pam\u00e1tek, kter\u00e9 m\u016f\u017eete z na\u0161eho penzionu, d\u00edky velk\u00e9mu po\u010dtu p\u011b\u0161\u00edch stezek i cyklostezek, prozkoum\u00e1vat p\u011b\u0161ky \u010di na kole. Provoz penzionu a kav\u00e1rny [&hellip;]<\/p>\n","protected":false},"author":1,"featured_media":1199,"parent":0,"menu_order":0,"comment_status":"closed","ping_status":"closed","template":"","meta":{"inline_featured_image":false,"_uag_custom_page_level_css":"","footnotes":""},"class_list":["post-120","page","type-page","status-publish","has-post-thumbnail","hentry"],"yoast_head":"<!-- This site is optimized with the Yoast SEO plugin v27.3 - https:\/\/yoast.com\/product\/yoast-seo-wordpress\/ -->\n<title>Penzion Moravsk\u00e1 O\u00e1za ve Valtic\u00edch<\/title>\n<meta name=\"description\" content=\"Ubytov\u00e1n\u00ed v Lednicko-valtick\u00e9m are\u00e1lu s wellness. Spojen\u00ed v\u00edna, k\u00e1vy a odpo\u010dinku.\" \/>\n<meta name=\"robots\" content=\"index, follow, max-snippet:-1, max-image-preview:large, max-video-preview:-1\" \/>\n<link rel=\"canonical\" href=\"https:\/\/moravskaoaza.penzionyjamai.cz\/en\/\" \/>\n<meta property=\"og:locale\" content=\"en_GB\" \/>\n<meta property=\"og:type\" content=\"article\" \/>\n<meta property=\"og:title\" content=\"Penzion Moravsk\u00e1 O\u00e1za ve Valtic\u00edch\" \/>\n<meta property=\"og:description\" content=\"Ubytov\u00e1n\u00ed v Lednicko-valtick\u00e9m are\u00e1lu s wellness. Spojen\u00ed v\u00edna, k\u00e1vy a odpo\u010dinku.\" \/>\n<meta property=\"og:url\" content=\"https:\/\/moravskaoaza.penzionyjamai.cz\/en\/\" \/>\n<meta property=\"og:site_name\" content=\"Penzion Moravsk\u00e1 O\u00e1za\" \/>\n<meta property=\"article:modified_time\" content=\"2025-10-21T12:43:09+00:00\" \/>\n<meta property=\"og:image\" content=\"https:\/\/moravskaoaza.penzionyjamai.cz\/wp-content\/uploads\/2024\/03\/Pattern_Oaza_web-2.png\" \/>\n\t<meta property=\"og:image:width\" content=\"380\" \/>\n\t<meta property=\"og:image:height\" content=\"190\" \/>\n\t<meta property=\"og:image:type\" content=\"image\/png\" \/>\n<meta name=\"twitter:card\" content=\"summary_large_image\" \/>\n<meta name=\"twitter:label1\" content=\"Estimated reading time\" \/>\n\t<meta name=\"twitter:data1\" content=\"3 minutes\" \/>\n<script type=\"application\/ld+json\" class=\"yoast-schema-graph\">{\"@context\":\"https:\\\/\\\/schema.org\",\"@graph\":[{\"@type\":\"WebPage\",\"@id\":\"https:\\\/\\\/moravskaoaza.penzionyjamai.cz\\\/\",\"url\":\"https:\\\/\\\/moravskaoaza.penzionyjamai.cz\\\/\",\"name\":\"Penzion Moravsk\u00e1 O\u00e1za ve Valtic\u00edch\",\"isPartOf\":{\"@id\":\"https:\\\/\\\/moravskaoaza.penzionyjamai.cz\\\/#website\"},\"primaryImageOfPage\":{\"@id\":\"https:\\\/\\\/moravskaoaza.penzionyjamai.cz\\\/#primaryimage\"},\"image\":{\"@id\":\"https:\\\/\\\/moravskaoaza.penzionyjamai.cz\\\/#primaryimage\"},\"thumbnailUrl\":\"https:\\\/\\\/moravskaoaza.penzionyjamai.cz\\\/wp-content\\\/uploads\\\/2024\\\/03\\\/Pattern_Oaza_web-2.png\",\"datePublished\":\"2021-02-13T08:07:00+00:00\",\"dateModified\":\"2025-10-21T12:43:09+00:00\",\"description\":\"Ubytov\u00e1n\u00ed v Lednicko-valtick\u00e9m are\u00e1lu s wellness. Spojen\u00ed v\u00edna, k\u00e1vy a odpo\u010dinku.\",\"breadcrumb\":{\"@id\":\"https:\\\/\\\/moravskaoaza.penzionyjamai.cz\\\/#breadcrumb\"},\"inLanguage\":\"en-GB\",\"potentialAction\":[{\"@type\":\"ReadAction\",\"target\":[\"https:\\\/\\\/moravskaoaza.penzionyjamai.cz\\\/\"]}]},{\"@type\":\"ImageObject\",\"inLanguage\":\"en-GB\",\"@id\":\"https:\\\/\\\/moravskaoaza.penzionyjamai.cz\\\/#primaryimage\",\"url\":\"https:\\\/\\\/moravskaoaza.penzionyjamai.cz\\\/wp-content\\\/uploads\\\/2024\\\/03\\\/Pattern_Oaza_web-2.png\",\"contentUrl\":\"https:\\\/\\\/moravskaoaza.penzionyjamai.cz\\\/wp-content\\\/uploads\\\/2024\\\/03\\\/Pattern_Oaza_web-2.png\",\"width\":380,\"height\":190},{\"@type\":\"BreadcrumbList\",\"@id\":\"https:\\\/\\\/moravskaoaza.penzionyjamai.cz\\\/#breadcrumb\",\"itemListElement\":[{\"@type\":\"ListItem\",\"position\":1,\"name\":\"Home\",\"item\":\"https:\\\/\\\/moravskaoaza.penzionyjamai.cz\\\/\"},{\"@type\":\"ListItem\",\"position\":2,\"name\":\"O penzionu\"}]},{\"@type\":\"WebSite\",\"@id\":\"https:\\\/\\\/moravskaoaza.penzionyjamai.cz\\\/#website\",\"url\":\"https:\\\/\\\/moravskaoaza.penzionyjamai.cz\\\/\",\"name\":\"Penzion Moravsk\u00e1 O\u00e1za\",\"description\":\"\",\"publisher\":{\"@id\":\"https:\\\/\\\/moravskaoaza.penzionyjamai.cz\\\/#organization\"},\"potentialAction\":[{\"@type\":\"SearchAction\",\"target\":{\"@type\":\"EntryPoint\",\"urlTemplate\":\"https:\\\/\\\/moravskaoaza.penzionyjamai.cz\\\/?s={search_term_string}\"},\"query-input\":{\"@type\":\"PropertyValueSpecification\",\"valueRequired\":true,\"valueName\":\"search_term_string\"}}],\"inLanguage\":\"en-GB\"},{\"@type\":\"Organization\",\"@id\":\"https:\\\/\\\/moravskaoaza.penzionyjamai.cz\\\/#organization\",\"name\":\"Penzion Moravsk\u00e1 O\u00e1za\",\"url\":\"https:\\\/\\\/moravskaoaza.penzionyjamai.cz\\\/\",\"logo\":{\"@type\":\"ImageObject\",\"inLanguage\":\"en-GB\",\"@id\":\"https:\\\/\\\/moravskaoaza.penzionyjamai.cz\\\/#\\\/schema\\\/logo\\\/image\\\/\",\"url\":\"https:\\\/\\\/moravskaoaza.penzionyjamai.cz\\\/wp-content\\\/uploads\\\/2025\\\/10\\\/penziony_moravska_oaza_logo_nad_sebou.svg\",\"contentUrl\":\"https:\\\/\\\/moravskaoaza.penzionyjamai.cz\\\/wp-content\\\/uploads\\\/2025\\\/10\\\/penziony_moravska_oaza_logo_nad_sebou.svg\",\"width\":\"1024\",\"height\":\"1024\",\"caption\":\"Penzion Moravsk\u00e1 O\u00e1za\"},\"image\":{\"@id\":\"https:\\\/\\\/moravskaoaza.penzionyjamai.cz\\\/#\\\/schema\\\/logo\\\/image\\\/\"}}]}<\/script>\n<!-- \/ Yoast SEO plugin. -->","yoast_head_json":{"title":"Penzion Moravsk\u00e1 O\u00e1za ve Valtic\u00edch","description":"Ubytov\u00e1n\u00ed v Lednicko-valtick\u00e9m are\u00e1lu s wellness. Spojen\u00ed v\u00edna, k\u00e1vy a odpo\u010dinku.","robots":{"index":"index","follow":"follow","max-snippet":"max-snippet:-1","max-image-preview":"max-image-preview:large","max-video-preview":"max-video-preview:-1"},"canonical":"https:\/\/moravskaoaza.penzionyjamai.cz\/en\/","og_locale":"en_GB","og_type":"article","og_title":"Penzion Moravsk\u00e1 O\u00e1za ve Valtic\u00edch","og_description":"Ubytov\u00e1n\u00ed v Lednicko-valtick\u00e9m are\u00e1lu s wellness. Spojen\u00ed v\u00edna, k\u00e1vy a odpo\u010dinku.","og_url":"https:\/\/moravskaoaza.penzionyjamai.cz\/en\/","og_site_name":"Penzion Moravsk\u00e1 O\u00e1za","article_modified_time":"2025-10-21T12:43:09+00:00","og_image":[{"width":380,"height":190,"url":"https:\/\/moravskaoaza.penzionyjamai.cz\/wp-content\/uploads\/2024\/03\/Pattern_Oaza_web-2.png","type":"image\/png"}],"twitter_card":"summary_large_image","twitter_misc":{"Estimated reading time":"3 minutes"},"schema":{"@context":"https:\/\/schema.org","@graph":[{"@type":"WebPage","@id":"https:\/\/moravskaoaza.penzionyjamai.cz\/","url":"https:\/\/moravskaoaza.penzionyjamai.cz\/","name":"Penzion Moravsk\u00e1 O\u00e1za ve Valtic\u00edch","isPartOf":{"@id":"https:\/\/moravskaoaza.penzionyjamai.cz\/#website"},"primaryImageOfPage":{"@id":"https:\/\/moravskaoaza.penzionyjamai.cz\/#primaryimage"},"image":{"@id":"https:\/\/moravskaoaza.penzionyjamai.cz\/#primaryimage"},"thumbnailUrl":"https:\/\/moravskaoaza.penzionyjamai.cz\/wp-content\/uploads\/2024\/03\/Pattern_Oaza_web-2.png","datePublished":"2021-02-13T08:07:00+00:00","dateModified":"2025-10-21T12:43:09+00:00","description":"Ubytov\u00e1n\u00ed v Lednicko-valtick\u00e9m are\u00e1lu s wellness. Spojen\u00ed v\u00edna, k\u00e1vy a odpo\u010dinku.","breadcrumb":{"@id":"https:\/\/moravskaoaza.penzionyjamai.cz\/#breadcrumb"},"inLanguage":"en-GB","potentialAction":[{"@type":"ReadAction","target":["https:\/\/moravskaoaza.penzionyjamai.cz\/"]}]},{"@type":"ImageObject","inLanguage":"en-GB","@id":"https:\/\/moravskaoaza.penzionyjamai.cz\/#primaryimage","url":"https:\/\/moravskaoaza.penzionyjamai.cz\/wp-content\/uploads\/2024\/03\/Pattern_Oaza_web-2.png","contentUrl":"https:\/\/moravskaoaza.penzionyjamai.cz\/wp-content\/uploads\/2024\/03\/Pattern_Oaza_web-2.png","width":380,"height":190},{"@type":"BreadcrumbList","@id":"https:\/\/moravskaoaza.penzionyjamai.cz\/#breadcrumb","itemListElement":[{"@type":"ListItem","position":1,"name":"Home","item":"https:\/\/moravskaoaza.penzionyjamai.cz\/"},{"@type":"ListItem","position":2,"name":"O penzionu"}]},{"@type":"WebSite","@id":"https:\/\/moravskaoaza.penzionyjamai.cz\/#website","url":"https:\/\/moravskaoaza.penzionyjamai.cz\/","name":"Penzion Moravsk\u00e1 O\u00e1za","description":"","publisher":{"@id":"https:\/\/moravskaoaza.penzionyjamai.cz\/#organization"},"potentialAction":[{"@type":"SearchAction","target":{"@type":"EntryPoint","urlTemplate":"https:\/\/moravskaoaza.penzionyjamai.cz\/?s={search_term_string}"},"query-input":{"@type":"PropertyValueSpecification","valueRequired":true,"valueName":"search_term_string"}}],"inLanguage":"en-GB"},{"@type":"Organization","@id":"https:\/\/moravskaoaza.penzionyjamai.cz\/#organization","name":"Penzion Moravsk\u00e1 O\u00e1za","url":"https:\/\/moravskaoaza.penzionyjamai.cz\/","logo":{"@type":"ImageObject","inLanguage":"en-GB","@id":"https:\/\/moravskaoaza.penzionyjamai.cz\/#\/schema\/logo\/image\/","url":"https:\/\/moravskaoaza.penzionyjamai.cz\/wp-content\/uploads\/2025\/10\/penziony_moravska_oaza_logo_nad_sebou.svg","contentUrl":"https:\/\/moravskaoaza.penzionyjamai.cz\/wp-content\/uploads\/2025\/10\/penziony_moravska_oaza_logo_nad_sebou.svg","width":"1024","height":"1024","caption":"Penzion Moravsk\u00e1 O\u00e1za"},"image":{"@id":"https:\/\/moravskaoaza.penzionyjamai.cz\/#\/schema\/logo\/image\/"}}]}},"uagb_featured_image_src":{"full":["https:\/\/moravskaoaza.penzionyjamai.cz\/wp-content\/uploads\/2024\/03\/Pattern_Oaza_web-2.png",380,190,false],"thumbnail":["https:\/\/moravskaoaza.penzionyjamai.cz\/wp-content\/uploads\/2024\/03\/Pattern_Oaza_web-2-150x150.png",150,150,true],"medium":["https:\/\/moravskaoaza.penzionyjamai.cz\/wp-content\/uploads\/2024\/03\/Pattern_Oaza_web-2-300x150.png",300,150,true],"medium_large":["https:\/\/moravskaoaza.penzionyjamai.cz\/wp-content\/uploads\/2024\/03\/Pattern_Oaza_web-2.png",380,190,false],"large":["https:\/\/moravskaoaza.penzionyjamai.cz\/wp-content\/uploads\/2024\/03\/Pattern_Oaza_web-2.png",380,190,false],"1536x1536":["https:\/\/moravskaoaza.penzionyjamai.cz\/wp-content\/uploads\/2024\/03\/Pattern_Oaza_web-2.png",380,190,false],"2048x2048":["https:\/\/moravskaoaza.penzionyjamai.cz\/wp-content\/uploads\/2024\/03\/Pattern_Oaza_web-2.png",380,190,false],"trp-custom-language-flag":["https:\/\/moravskaoaza.penzionyjamai.cz\/wp-content\/uploads\/2024\/03\/Pattern_Oaza_web-2-18x9.png",18,9,true]},"uagb_author_info":{"display_name":"admin","author_link":"https:\/\/moravskaoaza.penzionyjamai.cz\/en\/author\/admin\/"},"uagb_comment_info":0,"uagb_excerpt":"Penzion Moravsk\u00e1 O\u00e1za se nach\u00e1z\u00ed ve Valtic\u00edch, p\u0159esn\u011bji v centru Lednicko-valtick\u00e9ho are\u00e1lu, co\u017e je sv\u011btov\u011b unik\u00e1tn\u00ed krajinn\u00fd komplex zapsan\u00fd do Seznamu sv\u011btov\u00e9ho kulturn\u00edho d\u011bdictv\u00ed UNESCO. Jeho sou\u010d\u00e1st\u00ed je velk\u00e9 mno\u017estv\u00ed kulturn\u00edch a p\u0159\u00edrodn\u00edch pam\u00e1tek, kter\u00e9 m\u016f\u017eete z na\u0161eho penzionu, d\u00edky velk\u00e9mu po\u010dtu p\u011b\u0161\u00edch stezek i cyklostezek, prozkoum\u00e1vat p\u011b\u0161ky \u010di na kole. Provoz penzionu a kav\u00e1rny&hellip;","_links":{"self":[{"href":"https:\/\/moravskaoaza.penzionyjamai.cz\/en\/wp-json\/wp\/v2\/pages\/120","targetHints":{"allow":["GET"]}}],"collection":[{"href":"https:\/\/moravskaoaza.penzionyjamai.cz\/en\/wp-json\/wp\/v2\/pages"}],"about":[{"href":"https:\/\/moravskaoaza.penzionyjamai.cz\/en\/wp-json\/wp\/v2\/types\/page"}],"author":[{"embeddable":true,"href":"https:\/\/moravskaoaza.penzionyjamai.cz\/en\/wp-json\/wp\/v2\/users\/1"}],"replies":[{"embeddable":true,"href":"https:\/\/moravskaoaza.penzionyjamai.cz\/en\/wp-json\/wp\/v2\/comments?post=120"}],"version-history":[{"count":28,"href":"https:\/\/moravskaoaza.penzionyjamai.cz\/en\/wp-json\/wp\/v2\/pages\/120\/revisions"}],"predecessor-version":[{"id":1656,"href":"https:\/\/moravskaoaza.penzionyjamai.cz\/en\/wp-json\/wp\/v2\/pages\/120\/revisions\/1656"}],"wp:featuredmedia":[{"embeddable":true,"href":"https:\/\/moravskaoaza.penzionyjamai.cz\/en\/wp-json\/wp\/v2\/media\/1199"}],"wp:attachment":[{"href":"https:\/\/moravskaoaza.penzionyjamai.cz\/en\/wp-json\/wp\/v2\/media?parent=120"}],"curies":[{"name":"wp","href":"https:\/\/api.w.org\/{rel}","templated":true}]}}