{"id":1110,"date":"2024-03-26T15:14:32","date_gmt":"2024-03-26T14:14:32","guid":{"rendered":"https:\/\/moravskaoaza.penzionyjamai.cz\/?page_id=1110"},"modified":"2024-09-28T10:46:11","modified_gmt":"2024-09-28T08:46:11","slug":"vinny-sklep","status":"publish","type":"page","link":"https:\/\/moravskaoaza.penzionyjamai.cz\/en\/vinny-sklep\/","title":{"rendered":"Wine cellar and wine shop"},"content":{"rendered":"<div data-aos= \"fade-up\" data-aos-duration=\"400\" data-aos-delay=\"0\" data-aos-easing=\"ease\" data-aos-once=\"true\" class=\"wp-block-uagb-container uagb-block-840cd3ad alignfull uagb-is-root-container\"><div class=\"uagb-container-inner-blocks-wrap\">\n<p>South Moravia is famous above all for its winemaking. It can boast of producing wines that today are among the best in Central Europe. Specifically, Valtice is rightly called the \"capital of wine\". You can buy wine experiences with us without leaving the guesthouse. The accommodation includes a large wine cellar, which is accessible to all guests throughout their stay.<\/p>\n\n\n\n<h2 class=\"wp-block-heading\">Self-service wine shop<\/h2>\n\n\n\n<p>Part of our wine cellar is also a self-service wine shop, where every guest can choose from more than 50 types of wines, whether foreign or Moravian. You can also choose from soft drinks, beer, flavored beer or some small snacks. Payment is then made using the self-service cash register. Therefore, it is not possible to pay in cash, only by card or mobile phone. <\/p>\n<\/div><\/div>","protected":false},"excerpt":{"rendered":"<p>Ji\u017en\u00ed morava je proslul\u00e1 p\u0159edev\u0161\u00edm vina\u0159stv\u00edm. M\u016f\u017ee se pochlubit produkc\u00ed v\u00edn, kter\u00e9 dnes pat\u0159\u00ed k nejlep\u0161\u00edm ve st\u0159edn\u00ed Evrop\u011b. Konkr\u00e9tn\u011b Valtice jsou pak pr\u00e1vem naz\u00fdv\u00e1ny \u201ehlavn\u00edm m\u011bstem v\u00edna\u201c. Vina\u0159sk\u00e9 z\u00e1\u017eitky si u n\u00e1s m\u016f\u017eete po\u0159\u00eddit, ani\u017e byste opou\u0161t\u011bli penzion. Sou\u010d\u00e1st\u00ed ubytov\u00e1n\u00ed je toti\u017e rozlehl\u00fd vinn\u00fd sklep, kter\u00fd je p\u0159\u00edstupn\u00fd v\u0161em host\u016fm po celou dobu ubytov\u00e1n\u00ed. [&hellip;]<\/p>\n","protected":false},"author":1,"featured_media":1127,"parent":0,"menu_order":0,"comment_status":"closed","ping_status":"closed","template":"","meta":{"inline_featured_image":false,"_uag_custom_page_level_css":"","footnotes":""},"class_list":["post-1110","page","type-page","status-publish","has-post-thumbnail","hentry"],"yoast_head":"<!-- This site is optimized with the Yoast SEO plugin v27.3 - https:\/\/yoast.com\/product\/yoast-seo-wordpress\/ -->\n<title>Vinn\u00fd sklep a vinot\u00e9ka - Penzion Moravsk\u00e1 O\u00e1za<\/title>\n<meta name=\"robots\" content=\"index, follow, max-snippet:-1, max-image-preview:large, max-video-preview:-1\" \/>\n<link rel=\"canonical\" href=\"https:\/\/moravskaoaza.penzionyjamai.cz\/en\/vinny-sklep\/\" \/>\n<meta property=\"og:locale\" content=\"en_GB\" \/>\n<meta property=\"og:type\" content=\"article\" \/>\n<meta property=\"og:title\" content=\"Vinn\u00fd sklep a vinot\u00e9ka - Penzion Moravsk\u00e1 O\u00e1za\" \/>\n<meta property=\"og:description\" content=\"Ji\u017en\u00ed morava je proslul\u00e1 p\u0159edev\u0161\u00edm vina\u0159stv\u00edm. M\u016f\u017ee se pochlubit produkc\u00ed v\u00edn, kter\u00e9 dnes pat\u0159\u00ed k nejlep\u0161\u00edm ve st\u0159edn\u00ed Evrop\u011b. Konkr\u00e9tn\u011b Valtice jsou pak pr\u00e1vem naz\u00fdv\u00e1ny \u201ehlavn\u00edm m\u011bstem v\u00edna\u201c. Vina\u0159sk\u00e9 z\u00e1\u017eitky si u n\u00e1s m\u016f\u017eete po\u0159\u00eddit, ani\u017e byste opou\u0161t\u011bli penzion. Sou\u010d\u00e1st\u00ed ubytov\u00e1n\u00ed je toti\u017e rozlehl\u00fd vinn\u00fd sklep, kter\u00fd je p\u0159\u00edstupn\u00fd v\u0161em host\u016fm po celou dobu ubytov\u00e1n\u00ed. [&hellip;]\" \/>\n<meta property=\"og:url\" content=\"https:\/\/moravskaoaza.penzionyjamai.cz\/en\/vinny-sklep\/\" \/>\n<meta property=\"og:site_name\" content=\"Penzion Moravsk\u00e1 O\u00e1za\" \/>\n<meta property=\"article:modified_time\" content=\"2024-09-28T08:46:11+00:00\" \/>\n<meta property=\"og:image\" content=\"https:\/\/moravskaoaza.penzionyjamai.cz\/wp-content\/uploads\/2024\/03\/vinny_sklep.jpg\" \/>\n\t<meta property=\"og:image:width\" content=\"1920\" \/>\n\t<meta property=\"og:image:height\" content=\"740\" \/>\n\t<meta property=\"og:image:type\" content=\"image\/jpeg\" \/>\n<meta name=\"twitter:card\" content=\"summary_large_image\" \/>\n<meta name=\"twitter:label1\" content=\"Estimated reading time\" \/>\n\t<meta name=\"twitter:data1\" content=\"1 minute\" \/>\n<script type=\"application\/ld+json\" class=\"yoast-schema-graph\">{\"@context\":\"https:\\\/\\\/schema.org\",\"@graph\":[{\"@type\":\"WebPage\",\"@id\":\"https:\\\/\\\/moravskaoaza.penzionyjamai.cz\\\/vinny-sklep\\\/\",\"url\":\"https:\\\/\\\/moravskaoaza.penzionyjamai.cz\\\/vinny-sklep\\\/\",\"name\":\"Vinn\u00fd sklep a vinot\u00e9ka - Penzion Moravsk\u00e1 O\u00e1za\",\"isPartOf\":{\"@id\":\"https:\\\/\\\/moravskaoaza.penzionyjamai.cz\\\/#website\"},\"primaryImageOfPage\":{\"@id\":\"https:\\\/\\\/moravskaoaza.penzionyjamai.cz\\\/vinny-sklep\\\/#primaryimage\"},\"image\":{\"@id\":\"https:\\\/\\\/moravskaoaza.penzionyjamai.cz\\\/vinny-sklep\\\/#primaryimage\"},\"thumbnailUrl\":\"https:\\\/\\\/moravskaoaza.penzionyjamai.cz\\\/wp-content\\\/uploads\\\/2024\\\/03\\\/vinny_sklep.jpg\",\"datePublished\":\"2024-03-26T14:14:32+00:00\",\"dateModified\":\"2024-09-28T08:46:11+00:00\",\"breadcrumb\":{\"@id\":\"https:\\\/\\\/moravskaoaza.penzionyjamai.cz\\\/vinny-sklep\\\/#breadcrumb\"},\"inLanguage\":\"en-GB\",\"potentialAction\":[{\"@type\":\"ReadAction\",\"target\":[\"https:\\\/\\\/moravskaoaza.penzionyjamai.cz\\\/vinny-sklep\\\/\"]}]},{\"@type\":\"ImageObject\",\"inLanguage\":\"en-GB\",\"@id\":\"https:\\\/\\\/moravskaoaza.penzionyjamai.cz\\\/vinny-sklep\\\/#primaryimage\",\"url\":\"https:\\\/\\\/moravskaoaza.penzionyjamai.cz\\\/wp-content\\\/uploads\\\/2024\\\/03\\\/vinny_sklep.jpg\",\"contentUrl\":\"https:\\\/\\\/moravskaoaza.penzionyjamai.cz\\\/wp-content\\\/uploads\\\/2024\\\/03\\\/vinny_sklep.jpg\",\"width\":1920,\"height\":740},{\"@type\":\"BreadcrumbList\",\"@id\":\"https:\\\/\\\/moravskaoaza.penzionyjamai.cz\\\/vinny-sklep\\\/#breadcrumb\",\"itemListElement\":[{\"@type\":\"ListItem\",\"position\":1,\"name\":\"Home\",\"item\":\"https:\\\/\\\/moravskaoaza.penzionyjamai.cz\\\/\"},{\"@type\":\"ListItem\",\"position\":2,\"name\":\"Vinn\u00fd sklep a vinot\u00e9ka\"}]},{\"@type\":\"WebSite\",\"@id\":\"https:\\\/\\\/moravskaoaza.penzionyjamai.cz\\\/#website\",\"url\":\"https:\\\/\\\/moravskaoaza.penzionyjamai.cz\\\/\",\"name\":\"Penzion Moravsk\u00e1 O\u00e1za\",\"description\":\"\",\"publisher\":{\"@id\":\"https:\\\/\\\/moravskaoaza.penzionyjamai.cz\\\/#organization\"},\"potentialAction\":[{\"@type\":\"SearchAction\",\"target\":{\"@type\":\"EntryPoint\",\"urlTemplate\":\"https:\\\/\\\/moravskaoaza.penzionyjamai.cz\\\/?s={search_term_string}\"},\"query-input\":{\"@type\":\"PropertyValueSpecification\",\"valueRequired\":true,\"valueName\":\"search_term_string\"}}],\"inLanguage\":\"en-GB\"},{\"@type\":\"Organization\",\"@id\":\"https:\\\/\\\/moravskaoaza.penzionyjamai.cz\\\/#organization\",\"name\":\"Penzion Moravsk\u00e1 O\u00e1za\",\"url\":\"https:\\\/\\\/moravskaoaza.penzionyjamai.cz\\\/\",\"logo\":{\"@type\":\"ImageObject\",\"inLanguage\":\"en-GB\",\"@id\":\"https:\\\/\\\/moravskaoaza.penzionyjamai.cz\\\/#\\\/schema\\\/logo\\\/image\\\/\",\"url\":\"https:\\\/\\\/moravskaoaza.penzionyjamai.cz\\\/wp-content\\\/uploads\\\/2025\\\/10\\\/penziony_moravska_oaza_logo_nad_sebou.svg\",\"contentUrl\":\"https:\\\/\\\/moravskaoaza.penzionyjamai.cz\\\/wp-content\\\/uploads\\\/2025\\\/10\\\/penziony_moravska_oaza_logo_nad_sebou.svg\",\"width\":\"1024\",\"height\":\"1024\",\"caption\":\"Penzion Moravsk\u00e1 O\u00e1za\"},\"image\":{\"@id\":\"https:\\\/\\\/moravskaoaza.penzionyjamai.cz\\\/#\\\/schema\\\/logo\\\/image\\\/\"}}]}<\/script>\n<!-- \/ Yoast SEO plugin. -->","yoast_head_json":{"title":"Vinn\u00fd sklep a vinot\u00e9ka - Penzion Moravsk\u00e1 O\u00e1za","robots":{"index":"index","follow":"follow","max-snippet":"max-snippet:-1","max-image-preview":"max-image-preview:large","max-video-preview":"max-video-preview:-1"},"canonical":"https:\/\/moravskaoaza.penzionyjamai.cz\/en\/vinny-sklep\/","og_locale":"en_GB","og_type":"article","og_title":"Vinn\u00fd sklep a vinot\u00e9ka - Penzion Moravsk\u00e1 O\u00e1za","og_description":"Ji\u017en\u00ed morava je proslul\u00e1 p\u0159edev\u0161\u00edm vina\u0159stv\u00edm. M\u016f\u017ee se pochlubit produkc\u00ed v\u00edn, kter\u00e9 dnes pat\u0159\u00ed k nejlep\u0161\u00edm ve st\u0159edn\u00ed Evrop\u011b. Konkr\u00e9tn\u011b Valtice jsou pak pr\u00e1vem naz\u00fdv\u00e1ny \u201ehlavn\u00edm m\u011bstem v\u00edna\u201c. Vina\u0159sk\u00e9 z\u00e1\u017eitky si u n\u00e1s m\u016f\u017eete po\u0159\u00eddit, ani\u017e byste opou\u0161t\u011bli penzion. Sou\u010d\u00e1st\u00ed ubytov\u00e1n\u00ed je toti\u017e rozlehl\u00fd vinn\u00fd sklep, kter\u00fd je p\u0159\u00edstupn\u00fd v\u0161em host\u016fm po celou dobu ubytov\u00e1n\u00ed. [&hellip;]","og_url":"https:\/\/moravskaoaza.penzionyjamai.cz\/en\/vinny-sklep\/","og_site_name":"Penzion Moravsk\u00e1 O\u00e1za","article_modified_time":"2024-09-28T08:46:11+00:00","og_image":[{"width":1920,"height":740,"url":"https:\/\/moravskaoaza.penzionyjamai.cz\/wp-content\/uploads\/2024\/03\/vinny_sklep.jpg","type":"image\/jpeg"}],"twitter_card":"summary_large_image","twitter_misc":{"Estimated reading time":"1 minute"},"schema":{"@context":"https:\/\/schema.org","@graph":[{"@type":"WebPage","@id":"https:\/\/moravskaoaza.penzionyjamai.cz\/vinny-sklep\/","url":"https:\/\/moravskaoaza.penzionyjamai.cz\/vinny-sklep\/","name":"Vinn\u00fd sklep a vinot\u00e9ka - Penzion Moravsk\u00e1 O\u00e1za","isPartOf":{"@id":"https:\/\/moravskaoaza.penzionyjamai.cz\/#website"},"primaryImageOfPage":{"@id":"https:\/\/moravskaoaza.penzionyjamai.cz\/vinny-sklep\/#primaryimage"},"image":{"@id":"https:\/\/moravskaoaza.penzionyjamai.cz\/vinny-sklep\/#primaryimage"},"thumbnailUrl":"https:\/\/moravskaoaza.penzionyjamai.cz\/wp-content\/uploads\/2024\/03\/vinny_sklep.jpg","datePublished":"2024-03-26T14:14:32+00:00","dateModified":"2024-09-28T08:46:11+00:00","breadcrumb":{"@id":"https:\/\/moravskaoaza.penzionyjamai.cz\/vinny-sklep\/#breadcrumb"},"inLanguage":"en-GB","potentialAction":[{"@type":"ReadAction","target":["https:\/\/moravskaoaza.penzionyjamai.cz\/vinny-sklep\/"]}]},{"@type":"ImageObject","inLanguage":"en-GB","@id":"https:\/\/moravskaoaza.penzionyjamai.cz\/vinny-sklep\/#primaryimage","url":"https:\/\/moravskaoaza.penzionyjamai.cz\/wp-content\/uploads\/2024\/03\/vinny_sklep.jpg","contentUrl":"https:\/\/moravskaoaza.penzionyjamai.cz\/wp-content\/uploads\/2024\/03\/vinny_sklep.jpg","width":1920,"height":740},{"@type":"BreadcrumbList","@id":"https:\/\/moravskaoaza.penzionyjamai.cz\/vinny-sklep\/#breadcrumb","itemListElement":[{"@type":"ListItem","position":1,"name":"Home","item":"https:\/\/moravskaoaza.penzionyjamai.cz\/"},{"@type":"ListItem","position":2,"name":"Vinn\u00fd sklep a vinot\u00e9ka"}]},{"@type":"WebSite","@id":"https:\/\/moravskaoaza.penzionyjamai.cz\/#website","url":"https:\/\/moravskaoaza.penzionyjamai.cz\/","name":"Penzion Moravsk\u00e1 O\u00e1za","description":"","publisher":{"@id":"https:\/\/moravskaoaza.penzionyjamai.cz\/#organization"},"potentialAction":[{"@type":"SearchAction","target":{"@type":"EntryPoint","urlTemplate":"https:\/\/moravskaoaza.penzionyjamai.cz\/?s={search_term_string}"},"query-input":{"@type":"PropertyValueSpecification","valueRequired":true,"valueName":"search_term_string"}}],"inLanguage":"en-GB"},{"@type":"Organization","@id":"https:\/\/moravskaoaza.penzionyjamai.cz\/#organization","name":"Penzion Moravsk\u00e1 O\u00e1za","url":"https:\/\/moravskaoaza.penzionyjamai.cz\/","logo":{"@type":"ImageObject","inLanguage":"en-GB","@id":"https:\/\/moravskaoaza.penzionyjamai.cz\/#\/schema\/logo\/image\/","url":"https:\/\/moravskaoaza.penzionyjamai.cz\/wp-content\/uploads\/2025\/10\/penziony_moravska_oaza_logo_nad_sebou.svg","contentUrl":"https:\/\/moravskaoaza.penzionyjamai.cz\/wp-content\/uploads\/2025\/10\/penziony_moravska_oaza_logo_nad_sebou.svg","width":"1024","height":"1024","caption":"Penzion Moravsk\u00e1 O\u00e1za"},"image":{"@id":"https:\/\/moravskaoaza.penzionyjamai.cz\/#\/schema\/logo\/image\/"}}]}},"uagb_featured_image_src":{"full":["https:\/\/moravskaoaza.penzionyjamai.cz\/wp-content\/uploads\/2024\/03\/vinny_sklep.jpg",1920,740,false],"thumbnail":["https:\/\/moravskaoaza.penzionyjamai.cz\/wp-content\/uploads\/2024\/03\/vinny_sklep-150x150.jpg",150,150,true],"medium":["https:\/\/moravskaoaza.penzionyjamai.cz\/wp-content\/uploads\/2024\/03\/vinny_sklep-300x116.jpg",300,116,true],"medium_large":["https:\/\/moravskaoaza.penzionyjamai.cz\/wp-content\/uploads\/2024\/03\/vinny_sklep-768x296.jpg",768,296,true],"large":["https:\/\/moravskaoaza.penzionyjamai.cz\/wp-content\/uploads\/2024\/03\/vinny_sklep-1024x395.jpg",1024,395,true],"1536x1536":["https:\/\/moravskaoaza.penzionyjamai.cz\/wp-content\/uploads\/2024\/03\/vinny_sklep-1536x592.jpg",1536,592,true],"2048x2048":["https:\/\/moravskaoaza.penzionyjamai.cz\/wp-content\/uploads\/2024\/03\/vinny_sklep.jpg",1920,740,false],"trp-custom-language-flag":["https:\/\/moravskaoaza.penzionyjamai.cz\/wp-content\/uploads\/2024\/03\/vinny_sklep-18x7.jpg",18,7,true]},"uagb_author_info":{"display_name":"admin","author_link":"https:\/\/moravskaoaza.penzionyjamai.cz\/en\/author\/admin\/"},"uagb_comment_info":0,"uagb_excerpt":"Ji\u017en\u00ed morava je proslul\u00e1 p\u0159edev\u0161\u00edm vina\u0159stv\u00edm. M\u016f\u017ee se pochlubit produkc\u00ed v\u00edn, kter\u00e9 dnes pat\u0159\u00ed k nejlep\u0161\u00edm ve st\u0159edn\u00ed Evrop\u011b. Konkr\u00e9tn\u011b Valtice jsou pak pr\u00e1vem naz\u00fdv\u00e1ny \u201ehlavn\u00edm m\u011bstem v\u00edna\u201c. Vina\u0159sk\u00e9 z\u00e1\u017eitky si u n\u00e1s m\u016f\u017eete po\u0159\u00eddit, ani\u017e byste opou\u0161t\u011bli penzion. Sou\u010d\u00e1st\u00ed ubytov\u00e1n\u00ed je toti\u017e rozlehl\u00fd vinn\u00fd sklep, kter\u00fd je p\u0159\u00edstupn\u00fd v\u0161em host\u016fm po celou dobu ubytov\u00e1n\u00ed.&hellip;","_links":{"self":[{"href":"https:\/\/moravskaoaza.penzionyjamai.cz\/en\/wp-json\/wp\/v2\/pages\/1110","targetHints":{"allow":["GET"]}}],"collection":[{"href":"https:\/\/moravskaoaza.penzionyjamai.cz\/en\/wp-json\/wp\/v2\/pages"}],"about":[{"href":"https:\/\/moravskaoaza.penzionyjamai.cz\/en\/wp-json\/wp\/v2\/types\/page"}],"author":[{"embeddable":true,"href":"https:\/\/moravskaoaza.penzionyjamai.cz\/en\/wp-json\/wp\/v2\/users\/1"}],"replies":[{"embeddable":true,"href":"https:\/\/moravskaoaza.penzionyjamai.cz\/en\/wp-json\/wp\/v2\/comments?post=1110"}],"version-history":[{"count":3,"href":"https:\/\/moravskaoaza.penzionyjamai.cz\/en\/wp-json\/wp\/v2\/pages\/1110\/revisions"}],"predecessor-version":[{"id":1547,"href":"https:\/\/moravskaoaza.penzionyjamai.cz\/en\/wp-json\/wp\/v2\/pages\/1110\/revisions\/1547"}],"wp:featuredmedia":[{"embeddable":true,"href":"https:\/\/moravskaoaza.penzionyjamai.cz\/en\/wp-json\/wp\/v2\/media\/1127"}],"wp:attachment":[{"href":"https:\/\/moravskaoaza.penzionyjamai.cz\/en\/wp-json\/wp\/v2\/media?parent=1110"}],"curies":[{"name":"wp","href":"https:\/\/api.w.org\/{rel}","templated":true}]}}